{"id":281,"date":"2025-08-27T10:59:36","date_gmt":"2025-08-27T10:59:36","guid":{"rendered":"https:\/\/aljisrasso.com\/?page_id=281"},"modified":"2025-08-27T11:20:01","modified_gmt":"2025-08-27T11:20:01","slug":"information","status":"publish","type":"page","link":"https:\/\/aljisrasso.com\/de\/information\/","title":{"rendered":"Informationen"},"content":{"rendered":"<div data-elementor-type=\"wp-page\" data-elementor-id=\"281\" class=\"elementor elementor-281\" data-elementor-post-type=\"page\">\n\t\t\t\t<div class=\"elementor-element elementor-element-51b43e8 e-flex e-con-boxed e-con e-parent\" data-id=\"51b43e8\" data-element_type=\"container\" data-e-type=\"container\">\n\t\t\t\t\t<div class=\"e-con-inner\">\n\t\t\t\t<div class=\"elementor-element elementor-element-e624b70 elementor-widget elementor-widget-html\" data-id=\"e624b70\" data-element_type=\"widget\" data-e-type=\"widget\" data-widget_type=\"html.default\">\n\t\t\t\t\t<!DOCTYPE html>\r\n<html lang=\"en\">\r\n<head>\r\n  <meta charset=\"UTF-8\">\r\n  <meta name=\"viewport\" content=\"width=device-width, initial-scale=1.0\">\r\n  <title>Goulmima Information - Al Jisr Association<\/title>\r\n  <link href=\"https:\/\/fonts.googleapis.com\/css2?family=Inter:wght@300;400;500;600;700&display=swap\" rel=\"stylesheet\">\r\n  <link rel=\"stylesheet\" href=\"https:\/\/cdnjs.cloudflare.com\/ajax\/libs\/font-awesome\/6.0.0\/css\/all.min.css\">\r\n  <style>\r\n    :root {\r\n      --primary: #093a65;\r\n      --primary-light: #3a78d6;\r\n      --secondary: #e30613;\r\n      --accent: #437d43;\r\n      --accent-light: #6da46d;\r\n      --dark: #1e293b;\r\n      --gray: #64748b;\r\n      --light-gray: #e2e8f0;\r\n      --white: #ffffff;\r\n      --bg-color: #f8fafc;\r\n      --card-shadow: 0 5px 15px rgba(0, 0, 0, 0.08);\r\n      --hover-shadow: 0 10px 25px rgba(0, 0, 0, 0.12);\r\n    }\r\n    \r\n    * {\r\n      margin: 0;\r\n      padding: 0;\r\n      \r\n    }\r\n    \r\n    body {\r\n      font-family: 'Inter', sans-serif;\r\n      \r\n    }\r\n    \r\n    .container {\r\n      max-width: 1400px;\r\n      margin: 60px auto;\r\n     \r\n    }\r\n    \r\n    .header {\r\n      text-align: center;\r\n      margin-bottom: 50px;\r\n    }\r\n    \r\n    .header h4 {\r\n      color: var(--secondary);\r\n      margin: 0 0 12px 0;\r\n      font-size: 16px;\r\n      font-weight: 600;\r\n      letter-spacing: 1.5px;\r\n      text-transform: uppercase;\r\n    }\r\n    \r\n    .header h1 {\r\n      margin: 0 0 20px 0;\r\n      font-size: 2.8rem;\r\n      font-weight: 700;\r\n      line-height: 1.2;\r\n      color: var(--primary);\r\n      position: relative;\r\n      display: inline-block;\r\n    }\r\n    \r\n    .header h1:after {\r\n      content: '';\r\n      position: absolute;\r\n      bottom: -15px;\r\n      left: 50%;\r\n      transform: translateX(-50%);\r\n      width: 80px;\r\n      height: 4px;\r\n      background: linear-gradient(to right, var(--secondary), var(--primary));\r\n      border-radius: 2px;\r\n    }\r\n    \r\n    .content-grid {\r\n      display: grid;\r\n      grid-template-columns: 1fr;\r\n      gap: 40px;\r\n    }\r\n    \r\n    .info-section {\r\n      padding: 40px;\r\n      border-radius: 16px;\r\n      box-shadow: var(--card-shadow);\r\n      transition: all 0.3s ease;\r\n      position: relative;\r\n      overflow: hidden;\r\n    }\r\n    \r\n    .info-section:hover {\r\n      transform: translateY(-5px);\r\n      box-shadow: var(--hover-shadow);\r\n    }\r\n    \r\n    .info-section:before {\r\n      content: '';\r\n      position: absolute;\r\n      top: 0;\r\n      left: 0;\r\n      width: 5px;\r\n      height: 100%;\r\n      border-radius: 16px 0 0 16px;\r\n    }\r\n    \r\n    \/* Different background colors for each container *\/\r\n    .info-section:nth-child(1) {\r\n      background: linear-gradient(135deg, #e6f7ff 0%, #c6e6ff 100%);\r\n    }\r\n    .info-section:nth-child(1):before {\r\n      background: linear-gradient(to bottom, #3a78d6, #093a65);\r\n    }\r\n    \r\n    .info-section:nth-child(2) {\r\n      background: linear-gradient(135deg, #fff2e6 0%, #ffe6cc 100%);\r\n    }\r\n    .info-section:nth-child(2):before {\r\n      background: linear-gradient(to bottom, #ff9933, #cc6600);\r\n    }\r\n    \r\n    .info-section:nth-child(3) {\r\n      background: linear-gradient(135deg, #e6ffe6 0%, #ccffcc 100%);\r\n    }\r\n    .info-section:nth-child(3):before {\r\n      background: linear-gradient(to bottom, #33cc33, #009900);\r\n    }\r\n    \r\n    .info-section:nth-child(4) {\r\n      background: linear-gradient(135deg, #ffe6f2 0%, #ffcce6 100%);\r\n    }\r\n    .info-section:nth-child(4):before {\r\n      background: linear-gradient(to bottom, #ff66b2, #cc0066);\r\n    }\r\n    \r\n    .info-section:nth-child(5) {\r\n      background: linear-gradient(135deg, #f0e6ff 0%, #e0ccff 100%);\r\n    }\r\n    .info-section:nth-child(5):before {\r\n      background: linear-gradient(to bottom, #9933ff, #6600cc);\r\n    }\r\n    \r\n    .info-section:nth-child(6) {\r\n      background: linear-gradient(135deg, #e6f0ff 0%, #cce0ff 100%);\r\n    }\r\n    .info-section:nth-child(6):before {\r\n      background: linear-gradient(to bottom, #3366ff, #0033cc);\r\n    }\r\n    \r\n    .info-section:nth-child(7) {\r\n      background: linear-gradient(135deg, #fff0e6 0%, #ffe0cc 100%);\r\n    }\r\n    .info-section:nth-child(7):before {\r\n      background: linear-gradient(to bottom, #ff6600, #cc3300);\r\n    }\r\n    \r\n    .info-section:nth-child(8) {\r\n      background: linear-gradient(135deg, #e6fffb 0%, #ccfff5 100%);\r\n    }\r\n    .info-section:nth-child(8):before {\r\n      background: linear-gradient(to bottom, #00cc99, #009973);\r\n    }\r\n    \r\n    .info-section:nth-child(9) {\r\n      background: linear-gradient(135deg, #ffe6e6 0%, #ffcccc 100%);\r\n    }\r\n    .info-section:nth-child(9):before {\r\n      background: linear-gradient(to bottom, #ff3333, #cc0000);\r\n    }\r\n    \r\n    .info-section:nth-child(10) {\r\n      background: linear-gradient(135deg, #f9e6ff 0%, #f2ccff 100%);\r\n    }\r\n    .info-section:nth-child(10):before {\r\n      background: linear-gradient(to bottom, #cc33ff, #9900cc);\r\n    }\r\n    \r\n    .info-section:nth-child(11) {\r\n      background: linear-gradient(135deg, #e6f9ff 0%, #ccf2ff 100%);\r\n    }\r\n    .info-section:nth-child(11):before {\r\n      background: linear-gradient(to bottom, #33ccff, #0099cc);\r\n    }\r\n    \r\n    .info-section:nth-child(12) {\r\n      background: linear-gradient(135deg, #fffae6 0%, #fff5cc 100%);\r\n    }\r\n    .info-section:nth-child(12):before {\r\n      background: linear-gradient(to bottom, #ffcc00, #cc9900);\r\n    }\r\n    \r\n    .info-section:nth-child(13) {\r\n      background: linear-gradient(135deg, #e6ffe6 0%, #ccffcc 100%);\r\n    }\r\n    .info-section:nth-child(13):before {\r\n      background: linear-gradient(to bottom, #66ff66, #00cc00);\r\n    }\r\n    \r\n    .info-section:nth-child(14) {\r\n      background: linear-gradient(135deg, #ffe6f9 0%, #ffccf2 100%);\r\n    }\r\n    .info-section:nth-child(14):before {\r\n      background: linear-gradient(to bottom, #ff66cc, #cc0099);\r\n    }\r\n    \r\n    .section-title {\r\n      display: flex;\r\n      align-items: center;\r\n      gap: 15px;\r\n      margin-bottom: 25px;\r\n      color: var(--primary);\r\n    }\r\n    \r\n    .section-title i {\r\n      background: rgba(255, 255, 255, 0.2);\r\n      width: 50px;\r\n      height: 50px;\r\n      display: flex;\r\n      align-items: center;\r\n      justify-content: center;\r\n      border-radius: 50%;\r\n      color: var(--primary);\r\n      backdrop-filter: blur(5px);\r\n      border: 1px solid rgba(255, 255, 255, 0.3);\r\n    }\r\n    \r\n    .section-title h2 {\r\n      font-size: 1.8rem;\r\n      font-weight: 600;\r\n    }\r\n    \r\n    .info-content p {\r\n      color: var(--dark);\r\n      line-height: 1.8;\r\n      margin-bottom: 20px;\r\n      font-size: 1.05rem;\r\n    }\r\n    \r\n    .note-box {\r\n      background: rgba(255, 255, 255, 0.5);\r\n      padding: 20px;\r\n      border-radius: 12px;\r\n      margin: 25px 0;\r\n      border-left: 4px solid var(--primary);\r\n      backdrop-filter: blur(5px);\r\n    }\r\n    \r\n    .note-box p {\r\n      color: var(--dark);\r\n      margin-bottom: 0;\r\n      font-weight: 500;\r\n    }\r\n    \r\n    .bullet-list {\r\n      list-style-type: none;\r\n      margin: 20px 0;\r\n    }\r\n    \r\n    .bullet-list li {\r\n      margin-bottom: 12px;\r\n      padding-left: 30px;\r\n      position: relative;\r\n      color: var(--dark);\r\n    }\r\n    \r\n    .bullet-list li:before {\r\n      content: '\u2022';\r\n      color: var(--primary);\r\n      font-weight: bold;\r\n      position: absolute;\r\n      left: 0;\r\n      font-size: 1.5rem;\r\n    }\r\n    \r\n    @media (max-width: 1024px) {\r\n      .container {\r\n        margin: 50px auto;\r\n      }\r\n      \r\n      .header h1 {\r\n        font-size: 2.4rem;\r\n      }\r\n      \r\n      .info-section {\r\n        padding: 30px;\r\n      }\r\n      \r\n      .section-title h2 {\r\n        font-size: 1.6rem;\r\n      }\r\n    }\r\n    \r\n    @media (max-width: 768px) {\r\n      .container {\r\n        margin: 40px auto;\r\n        padding: 0 15px;\r\n      }\r\n      \r\n      .header {\r\n        margin-bottom: 40px;\r\n      }\r\n      \r\n      .header h1 {\r\n        font-size: 2rem;\r\n      }\r\n      \r\n      .info-section {\r\n        padding: 25px 20px 25px 25px;\r\n      }\r\n      \r\n      .section-title {\r\n        flex-direction: column;\r\n        align-items: flex-start;\r\n        gap: 10px;\r\n      }\r\n      \r\n      .section-title h2 {\r\n        font-size: 1.4rem;\r\n      }\r\n      \r\n      .section-title i {\r\n        width: 40px;\r\n        height: 40px;\r\n      }\r\n    }\r\n  <\/style>\r\n<\/head>\r\n<body>\r\n  <div class=\"container\">\r\n    <div class=\"header\">\r\n      <h4>Entdecken Sie<\/h4>\r\n      <h1>Goulmima &amp; Umgebung<\/h1>\r\n    <\/div>\r\n    \r\n    <div class=\"content-grid\">\r\n      <div class=\"info-section\">\r\n        <div class=\"section-title\">\r\n          <i class=\"fas fa-city\"><\/i>\r\n          <h2>Informationen<\/h2>\r\n        <\/div>\r\n        <div class=\"info-content\">\r\n          <p>Goulmima (arabisch: \u0763\u0644\u0645\u064a\u0645\u0629) ist eine Stadt in Marokko in der Provinz Errachidia, in der Region Dr\u00e2a-Tafilalet, in der Ebene zwischen dem Hohen Atlas und dem Antiatlasgebirge.<\/p>\r\n          <p>Goumima ist eine mittelgro\u00dfe regionale Stadt, eine landwirtschaftliche Oase, die f\u00fcr ihren Dattel- und Olivenanbau bekannt ist und vom Wadi Gheris aus dem zentralen Hohen Atlas gespeist wird. Wie andere Siedlungen im Tafilalet wurde sie als befestigtes Dorf oder Ksar errichtet. Eines der wichtigsten (Ksar Goulmima).<\/p>\r\n          <p>Die Amazigh sind die Ureinwohner der Region, und die Sprache der Amazigh ist ihre Muttersprache, aber sie sprechen auch andere Sprachen wie Arabisch, Franz\u00f6sisch und Englisch.<\/p>\r\n        <\/div>\r\n      <\/div>\r\n      \r\n      <div class=\"info-section\">\r\n        <div class=\"section-title\">\r\n          <i class=\"fas fa-cloud-sun\"><\/i>\r\n          <h2>Das Klima<\/h2>\r\n        <\/div>\r\n        <div class=\"info-content\">\r\n          <p>Die Stadt Goulmima profitiert von einem Halbw\u00fcstenklima, das durch kalte Winter und hei\u00dfe Sommer gekennzeichnet ist, mit Temperaturen, die manchmal bis auf 0 Grad fallen, mit einem Kontrast zwischen Tag und Nacht, und manchmal bis zu 40 Grad im Juli steigen, w\u00e4hrend das Klima im Herbst und Fr\u00fchling mit einer Durchschnittstemperatur von 25 Grad mild ist. Die Sommern\u00e4chte und -abende in und um Goulmima sind sehr angenehm, und die Besucher k\u00f6nnen die Atmosph\u00e4re von Hochzeitsfeiern in einem der benachbarten Stadtteile oder D\u00f6rfer genie\u00dfen.<\/p>\r\n          <p>Im Sommer sind \u00f6ffentliche und private Schwimmb\u00e4der nach wie vor ein beliebtes Ziel f\u00fcr Einwohner und Besucher, um sich zu entspannen, zu schwimmen und das erfrischende Wasser zu genie\u00dfen.<\/p>\r\n        <\/div>\r\n      <\/div>\r\n      \r\n      <div class=\"info-section\">\r\n        <div class=\"section-title\">\r\n          <i class=\"fas fa-hospital\"><\/i>\r\n          <h2>Gesundheitsdienste<\/h2>\r\n        <\/div>\r\n        <div class=\"info-content\">\r\n          <p>Goulmima verf\u00fcgt \u00fcber eine Reihe von Gesundheitszentren, die die medizinische Grundversorgung der Bev\u00f6lkerung sicherstellen. Zu diesen Einrichtungen geh\u00f6ren ein \u00f6ffentliches Krankenhaus (1), mehrere Gesundheitszentren und eine Reihe von Privatkliniken, die Prim\u00e4r- und Sekund\u00e4rversorgung anbieten.<\/p>\r\n          <p>Im Rahmen des Aufbaus einer multidisziplin\u00e4ren Gesundheitsinfrastruktur nach h\u00f6chsten internationalen Standards wurde die Privatklinik AKDITAL International in Errachedia (60 km von Goulmima entfernt) er\u00f6ffnet, um der Bev\u00f6lkerung der Region Draa Tafilalt eine hochmoderne Ausstattung f\u00fcr die Behandlung s\u00e4mtlicher Pathologien, von den einfachsten bis zu den komplexesten, zur Verf\u00fcgung zu stellen. Durch die r\u00e4umliche N\u00e4he hat die lokale Bev\u00f6lkerung leichten Zugang zu einer hochwertigen Versorgung, ohne in die gro\u00dfen St\u00e4dte fahren zu m\u00fcssen, um fortschrittliche medizinische Leistungen in Anspruch nehmen zu k\u00f6nnen.<\/p>\r\n        <\/div>\r\n      <\/div>\r\n      \r\n      <div class=\"info-section\">\r\n        <div class=\"section-title\">\r\n          <i class=\"fas fa-people-group\"><\/i>\r\n          <h2>Kultur und Werte der Gemeinschaft<\/h2>\r\n        <\/div>\r\n        <div class=\"info-content\">\r\n          <p>Die Kultur der Amazigh-Gemeinschaft in der Region Goulmima ist reichhaltig und vielf\u00e4ltig, basiert auf starken Werten, die von Generation zu Generation weitergegeben werden, und zeichnet sich durch Flexibilit\u00e4t bei der Anpassung an historische und soziale Ver\u00e4nderungen aus. Die Kultur der Amazigh in der Region zeichnet sich durch das Vorhandensein der Amazigh-Sprache aus, die ein wesentliches Element der kulturellen Identit\u00e4t ist, sowie durch Traditionen wie gemeinsame Feste, Musik, Tanz, Volksm\u00e4rchen, dekorative Kunst und Handwerk.<\/p>\r\n          <p>Das Fest des Amazigh-Jahres, das den Beginn des neuen Jahres im Amazigh-Kalender markiert, ist eine der wichtigsten Manifestationen dieser Verbindung.<\/p>\r\n          <p>Das lokale Ged\u00e4chtnis von Kalma bewahrt noch immer bestimmte Aspekte des j\u00fcdischen Ashoura-Festes als Teil des so genannten \"Odin Nishor\"-Rituals, oder in einfachem Arabisch \"Juden von Ashoura\", ein Ritual, das jedes Jahr anl\u00e4sslich des heiligen Tages von Ashoura organisiert wird; ein repr\u00e4sentatives Ritual, das von den in den Oasen von Ghris_Goulmima, Ferkla_Tinejdad, Toudgha_Tinghir und anderen Regionen lebenden Juden beibehalten wird und bei dem die Feiernden furchterregende und auff\u00e4llige Masken tragen, um diesen historischen Tag zu begehen.<\/p>\r\n          <p>Die Amazigh-Gemeinschaft zeichnet sich durch ihr Bestreben aus, ihr kulturelles Erbe zu bewahren, insbesondere die M\u00e4rchen, Sprichw\u00f6rter, R\u00e4tsel, Gedichte und die Art der von den Frauen getragenen Kleidung, die als Symbole der kulturellen Identit\u00e4t gelten und bewahrt werden sollten.<\/p>\r\n          <p>Sobald man den S\u00fcdosten des K\u00f6nigreichs durchquert, f\u00e4llt einem das schwarze Kleid mit verschiedenen Symbolen und Farben auf, das die Frauen tragen. Dieses Kleidungsst\u00fcck, das lokal als \"Tahrouyte\" bekannt ist, ist nicht nur ein Kleidungsst\u00fcck, sondern ein kulturelles Symbol, das den S\u00fcdosten charakterisiert und den einzigartigen Charakter dieser Region bewahrt.<\/p>\r\n          <p>Die Kunst des Ahidous ist eine der wichtigsten Volksk\u00fcnste der Amazigh-Kultur, insbesondere in den s\u00fcd\u00f6stlichen Regionen Marokkos. Der Ahidous ist als eine der kollektiven K\u00fcnste des Amazigh-Gesangs und -Tanzes bekannt, weil er seit seiner Entstehung in der nat\u00fcrlichen und geografischen Umgebung mit dem Amazigh-Menschen verbunden ist, eine Kunst, die von vielen Ver\u00e4nderungen nicht betroffen war und seit ihrer Entstehung unersch\u00fcttert geblieben ist.<\/p>\r\n        <\/div>\r\n      <\/div>\r\n      \r\n      <div class=\"info-section\">\r\n        <div class=\"section-title\">\r\n          <i class=\"fas fa-bus\"><\/i>\r\n          <h2>Verkehr und Kommunikation f\u00fcr Ausl\u00e4nder<\/h2>\r\n        <\/div>\r\n        <div class=\"info-content\">\r\n          <p>Um nach Goulmima zu gelangen, k\u00f6nnen Ausl\u00e4nder verschiedene Verkehrsmittel nutzen, darunter \u00f6ffentliche Verkehrsmittel wie Flugzeuge, Busse und Taxis sowie private Verkehrsmittel wie Mietwagen. Es gibt auch spezialisierte touristische Transportdienste, die die Fahrt zwischen verschiedenen St\u00e4dten und Sehensw\u00fcrdigkeiten erleichtern.<\/p>\r\n          <p>Die \u00f6ffentlichen Verkehrsmittel in Marokko sind f\u00fcr ausl\u00e4ndische Reisende sicher und bequem. Drei Fl\u00fcge pro Woche verbinden den Flughafen Marrakesch Menara mit dem Flughafen Errachidia Moulay Ali Cherif, der etwa sechzig Kilometer von der Stadt Goulmima entfernt liegt. Diese Fl\u00fcge sind Direktfl\u00fcge und dauern etwa eine Stunde. Ein weiterer Flug beinhaltet eine Zwischenlandung auf dem internationalen Flughafen Mohammed V. in Casablanca.<\/p>\r\n          <div class=\"note-box\">\r\n            <p>Bitte beachten Sie, dass diese Informationen auf dem aktuellen Flugplan beruhen und \u00c4nderungen vorbehalten sind. Sie k\u00f6nnen Wego, Almosafer oder Skyscanner f\u00fcr die neuesten Informationen \u00fcber die Verf\u00fcgbarkeit von Fl\u00fcgen \u00fcberpr\u00fcfen.<\/p>\r\n          <\/div>\r\n          <p>Mehrere Busunternehmen bieten Fahrten von Marrakesch nach Goulmima an. Die Fahrt dauert etwa 8 Stunden und die Fahrkarten kosten zwischen 200 und 250 marokkanischen Dirham. Die Fahrkarten k\u00f6nnen an den Busbahnh\u00f6fen oder online gekauft werden.<\/p>\r\n          <p>Die besten Busunternehmen, die Fahrten von Marrakesch nach Goulmima anbieten, sind die Marokkanische Transportgesellschaft (CTM) und Supratour-Busse.<\/p>\r\n          <p>Busfahrpl\u00e4ne :<\/p>\r\n          <p>Es gibt viele Fahrten pro Tag, einschlie\u00dflich Nachtfahrten. Sie k\u00f6nnen die Fahrpl\u00e4ne online einsehen oder sich an die genannten Unternehmen wenden.<\/p>\r\n        <\/div>\r\n      <\/div>\r\n      \r\n      <div class=\"info-section\">\r\n        <div class=\"section-title\">\r\n          <i class=\"fas fa-calendar-days\"><\/i>\r\n          <h2>T\u00e4tigkeitszeitr\u00e4ume<\/h2>\r\n        <\/div>\r\n        <div class=\"info-content\">\r\n          <p>Wir organisieren vor allem in den Sommermonaten, aber auch das ganze Jahr \u00fcber Wohlt\u00e4tigkeitsveranstaltungen.<\/p>\r\n        <\/div>\r\n      <\/div>\r\n      \r\n      <div class=\"info-section\">\r\n        <div class=\"section-title\">\r\n          <i class=\"fas fa-money-bill-wave\"><\/i>\r\n          <h2>Reisekosten<\/h2>\r\n        <\/div>\r\n        <div class=\"info-content\">\r\n          <p>Die Reisekosten werden vom Freiwilligen bis zu seiner Ankunft am Einsatzort getragen, ebenso wie seine pers\u00f6nlichen Ausgaben.<\/p>\r\n        <\/div>\r\n      <\/div>\r\n      \r\n      <div class=\"info-section\">\r\n        <div class=\"section-title\">\r\n          <i class=\"fas fa-mountain-sun\"><\/i>\r\n          <h2>Erkundungstouren<\/h2>\r\n        <\/div>\r\n        <div class=\"info-content\">\r\n          <p>Der Verein organisiert Ausfl\u00fcge, um allen Freiwilligen die M\u00f6glichkeit zu geben, die Sch\u00f6nheit des Landes zu entdecken und sich mit seiner Kultur vertraut zu machen.<\/p>\r\n          <p>Geplante Ausfl\u00fcge:<\/p>\r\n          <ul class=\"bullet-list\">\r\n            <li>Ein unvergesslicher Ausflug zu den W\u00fcstend\u00fcnen von Merzouga.<\/li>\r\n            <li>Eine bezaubernde Tour durch die T\u00e4ler von Dad\u00e8s und Todgha.<\/li>\r\n            <li>Entdecken Sie die Kasbah von Guelmim, die das materielle Kulturerbe der Amazonen in Marokko widerspiegelt.<\/li>\r\n            <li>Besuchen Sie T\u00f6pferwerkst\u00e4tten.<\/li>\r\n            <li>Genie\u00dfen Sie den Sonnenuntergang auf dem Gipfel des Asdram als einzigartiges Erlebnis, bei dem sich die nat\u00fcrliche Sch\u00f6nheit der Region mit der romantischen Atmosph\u00e4re von Sonnenaufgang und Sonnenuntergang verbindet.<\/li>\r\n          <\/ul>\r\n        <\/div>\r\n      <\/div>\r\n      \r\n      <div class=\"info-section\">\r\n        <div class=\"section-title\">\r\n          <i class=\"fas fa-bed\"><\/i>\r\n          <h2>Unterkunft<\/h2>\r\n        <\/div>\r\n        <div class=\"info-content\">\r\n          <p>Die Freiwilligen werden am Sitz des Vereins untergebracht, der f\u00fcr diesen Zweck ausgestattet ist und den Unterkunftsanforderungen entspricht. Sie werden f\u00fcr die Dauer des Aktivit\u00e4tsprogramms zusammenleben und in das t\u00e4gliche Leben der Einwohner eintauchen, um den Reichtum und die Vielfalt ihres kulturellen und zivilisatorischen Erbes zu entdecken.<\/p>\r\n        <\/div>\r\n      <\/div>\r\n      \r\n      <div class=\"info-section\">\r\n        <div class=\"section-title\">\r\n          <i class=\"fas fa-circle-exclamation\"><\/i>\r\n          <h2>Bitte beachten<\/h2>\r\n        <\/div>\r\n        <div class=\"info-content\">\r\n          <p>Jeder Freiwillige muss w\u00e4hrend der gesamten Dauer des T\u00e4tigkeitsprogramms eine pers\u00f6nliche Reiseversicherung abschlie\u00dfen. Sie m\u00fcssen daher die notwendigen Vorkehrungen treffen, um diese in ihrem Herkunftsland abzuschlie\u00dfen.<\/p>\r\n        <\/div>\r\n      <\/div>\r\n      \r\n      <div class=\"info-section\">\r\n        <div class=\"section-title\">\r\n          <i class=\"fas fa-handshake\"><\/i>\r\n          <h2>Die Einf\u00fchrungstage<\/h2>\r\n        <\/div>\r\n        <div class=\"info-content\">\r\n          <p>Die Freiwilligen werden am Sitz der Vereinigung empfangen, und der erste Tag des Programms ist der Vorstellung des Programms gewidmet. Die Vereinigung wird alle Freiwilligen \u00fcber das Programm informieren und seine Ziele erl\u00e4utern. Diese Tage bieten den Freiwilligen auch die M\u00f6glichkeit, sich gegenseitig kennenzulernen und die Stadt und ihre Umgebung zu besichtigen.<\/p>\r\n          <p>Die Al-Jisr Association for Communication and Educational Cooperation ist bestrebt, die Organisation von Aktivit\u00e4ten f\u00fcr Freiwillige zu erleichtern, die mit den Mitgliedern der Vereinigung in Kontakt stehen werden, um ihnen die Reise in die Region zu erleichtern.<\/p>\r\n          <p>Das Reisen in einer Gruppe hat viele Vorteile. Dank der Rabatte, die Fluggesellschaften, Reiseb\u00fcros und Reiseveranstalter anbieten, wenn mehrere Personen gemeinsam buchen, lassen sich die Kosten senken.<\/p>\r\n          <p>Der Verein nimmt bevorzugt Freiwillige auf, die einem Verein, einer Organisation oder einer Institution angeh\u00f6ren. Dies bedeutet jedoch nicht, dass Freiwillige, die keiner Organisation angeh\u00f6ren, nicht an den geplanten Aktivit\u00e4ten teilnehmen und von ihnen profitieren k\u00f6nnen. Jeder, der die Anforderungen erf\u00fcllt, kann teilnehmen.<\/p>\r\n        <\/div>\r\n      <\/div>\r\n      \r\n      <div class=\"info-section\">\r\n        <div class=\"section-title\">\r\n          <i class=\"fas fa-star\"><\/i>\r\n          <h2>Nebenveranstaltungen<\/h2>\r\n        <\/div>\r\n        <div class=\"info-content\">\r\n          <p>W\u00e4hrend ihres Aufenthalts k\u00f6nnen die Freiwilligen neben ihren Hauptt\u00e4tigkeiten zus\u00e4tzliche Aktivit\u00e4ten wie die Erkundung der Stadt und ihrer Umgebung, Eink\u00e4ufe auf dem Markt oder abendliche Spazierg\u00e4nge genie\u00dfen. Sie k\u00f6nnen auch an verschiedenen Spielen und Aktivit\u00e4ten teilnehmen, die das Gemeinschaftsleben beleben.<\/p>\r\n        <\/div>\r\n      <\/div>\r\n      \r\n      <div class=\"info-section\">\r\n        <div class=\"section-title\">\r\n          <i class=\"fas fa-globe\"><\/i>\r\n          <h2>Marokkanische Kultur<\/h2>\r\n        <\/div>\r\n        <div class=\"info-content\">\r\n          <p>Die marokkanische Kultur ist reich und vielf\u00e4ltig, gepr\u00e4gt durch das Erbe der Vorfahren und die verschiedenen Einfl\u00fcsse, die sie im Laufe der Jahrhunderte gepr\u00e4gt haben.<\/p>\r\n          <p>Wenn die Freiwilligen Arabisch oder Amazigh lernen m\u00f6chten, organisiert der Verein pers\u00f6nliche Kurse f\u00fcr sie.<\/p>\r\n          <p>Die marokkanische K\u00fcche ist ber\u00fchmt f\u00fcr ihre Vielfalt und ihren Geschmacksreichtum. Aus diesem Grund wird der Verein f\u00fcr die Freiwilligen spezielle Kochkurse f\u00fcr die marokkanische K\u00fcche organisieren.<\/p>\r\n          <p>Da der traditionelle marokkanische Stil eine uralte Kunst und eine von Generation zu Generation weitergegebene Tradition ist, die den Reichtum und die Vielfalt der marokkanischen Kultur widerspiegelt, wird der Verein auch Ausbildungskurse f\u00fcr Freiwillige anbieten, die den traditionellen marokkanischen Stil vermitteln.<\/p>\r\n        <\/div>\r\n      <\/div>\r\n    <\/div>\r\n  <\/div>\r\n\r\n  <script>\r\n    \/\/ Add intersection observer for animations\r\n    document.addEventListener('DOMContentLoaded', function() {\r\n      const infoSections = document.querySelectorAll('.info-section');\r\n      \r\n      \/\/ Create intersection observer\r\n      const observer = new IntersectionObserver((entries) => {\r\n        entries.forEach(entry => {\r\n          if (entry.isIntersecting) {\r\n            entry.target.style.opacity = 1;\r\n            entry.target.style.transform = 'translateY(0)';\r\n            observer.unobserve(entry.target);\r\n          }\r\n        });\r\n      }, { threshold: 0.1 });\r\n      \r\n      \/\/ Set initial state and observe elements\r\n      infoSections.forEach(section => {\r\n        section.style.opacity = 0;\r\n        section.style.transform = 'translateY(20px)';\r\n        section.style.transition = 'opacity 0.6s ease, transform 0.6s ease';\r\n        observer.observe(section);\r\n      });\r\n    });\r\n  <\/script>\r\n<\/body>\r\n<\/html>\t\t\t\t<\/div>\n\t\t\t\t\t<\/div>\n\t\t\t\t<\/div>\n\t\t\t\t<\/div>","protected":false},"excerpt":{"rendered":"<p>Goulmima Information &#8211; Al Jisr Association Discover Goulmima &#038; Surrounding Region &#8230; <\/p>","protected":false},"author":1,"featured_media":0,"parent":0,"menu_order":0,"comment_status":"closed","ping_status":"closed","template":"elementor_header_footer","meta":{"footnotes":""},"class_list":["post-281","page","type-page","status-publish","hentry"],"_links":{"self":[{"href":"https:\/\/aljisrasso.com\/de\/wp-json\/wp\/v2\/pages\/281","targetHints":{"allow":["GET"]}}],"collection":[{"href":"https:\/\/aljisrasso.com\/de\/wp-json\/wp\/v2\/pages"}],"about":[{"href":"https:\/\/aljisrasso.com\/de\/wp-json\/wp\/v2\/types\/page"}],"author":[{"embeddable":true,"href":"https:\/\/aljisrasso.com\/de\/wp-json\/wp\/v2\/users\/1"}],"replies":[{"embeddable":true,"href":"https:\/\/aljisrasso.com\/de\/wp-json\/wp\/v2\/comments?post=281"}],"version-history":[{"count":7,"href":"https:\/\/aljisrasso.com\/de\/wp-json\/wp\/v2\/pages\/281\/revisions"}],"predecessor-version":[{"id":289,"href":"https:\/\/aljisrasso.com\/de\/wp-json\/wp\/v2\/pages\/281\/revisions\/289"}],"wp:attachment":[{"href":"https:\/\/aljisrasso.com\/de\/wp-json\/wp\/v2\/media?parent=281"}],"curies":[{"name":"wp","href":"https:\/\/api.w.org\/{rel}","templated":true}]}}