{"id":5179,"date":"2025-08-30T22:20:18","date_gmt":"2025-08-30T22:20:18","guid":{"rendered":"https:\/\/aljisrasso.com\/?page_id=5179"},"modified":"2025-08-30T22:38:23","modified_gmt":"2025-08-30T22:38:23","slug":"solidarity-tourism","status":"publish","type":"page","link":"https:\/\/aljisrasso.com\/de\/solidarity-tourism\/","title":{"rendered":"Solidarischer Tourismus"},"content":{"rendered":"<div data-elementor-type=\"wp-page\" data-elementor-id=\"5179\" class=\"elementor elementor-5179\" data-elementor-post-type=\"page\">\n\t\t\t\t<div class=\"elementor-element elementor-element-d2184a1 e-flex e-con-boxed e-con e-parent\" data-id=\"d2184a1\" data-element_type=\"container\" data-e-type=\"container\">\n\t\t\t\t\t<div class=\"e-con-inner\">\n\t\t\t\t<div class=\"elementor-element elementor-element-cdee184 elementor-widget elementor-widget-spacer\" data-id=\"cdee184\" data-element_type=\"widget\" data-e-type=\"widget\" data-widget_type=\"spacer.default\">\n\t\t\t\t\t\t\t<div class=\"elementor-spacer\">\n\t\t\t<div class=\"elementor-spacer-inner\"><\/div>\n\t\t<\/div>\n\t\t\t\t\t\t<\/div>\n\t\t\t\t\t<\/div>\n\t\t\t\t<\/div>\n\t\t<div class=\"elementor-element elementor-element-b1ca15c e-flex e-con-boxed e-con e-parent\" data-id=\"b1ca15c\" data-element_type=\"container\" data-e-type=\"container\">\n\t\t\t\t\t<div class=\"e-con-inner\">\n\t\t<div class=\"elementor-element elementor-element-beccbb8 e-con-full e-flex e-con e-child\" data-id=\"beccbb8\" data-element_type=\"container\" data-e-type=\"container\" data-settings=\"{&quot;background_background&quot;:&quot;classic&quot;}\">\n\t\t<div class=\"elementor-element elementor-element-16d090c e-con-full e-flex elementor-invisible e-con e-child\" data-id=\"16d090c\" data-element_type=\"container\" data-e-type=\"container\" data-settings=\"{&quot;animation&quot;:&quot;fadeInDown&quot;}\">\n\t\t\t\t<div class=\"elementor-element elementor-element-315bdf0 elementor-widget elementor-widget-heading\" data-id=\"315bdf0\" data-element_type=\"widget\" data-e-type=\"widget\" data-widget_type=\"heading.default\">\n\t\t\t\t\t<h2 class=\"elementor-heading-title elementor-size-default\">Solidarischer Tourismus\n<\/h2>\t\t\t\t<\/div>\n\t\t\t\t<div class=\"elementor-element elementor-element-d2d6342 elementor-widget-divider--view-line elementor-widget elementor-widget-divider\" data-id=\"d2d6342\" data-element_type=\"widget\" data-e-type=\"widget\" data-widget_type=\"divider.default\">\n\t\t\t\t\t\t\t<div class=\"elementor-divider\">\n\t\t\t<span class=\"elementor-divider-separator\">\n\t\t\t\t\t\t<\/span>\n\t\t<\/div>\n\t\t\t\t\t\t<\/div>\n\t\t\t\t<div class=\"elementor-element elementor-element-d6cf074 elementor-widget elementor-widget-text-editor\" data-id=\"d6cf074\" data-element_type=\"widget\" data-e-type=\"widget\" data-widget_type=\"text-editor.default\">\n\t\t\t\t\t\t\t\t\t<p>Der Verein Al-Jisr bietet Reisen f\u00fcr alle Arten von Freiwilligen an: Studenten, Arbeitnehmer, Gruppen, Familien, Unternehmen usw., die ein einzigartiges Reiseerlebnis und einen solidarischen Urlaub im S\u00fcdosten des K\u00f6nigreichs Marokko genie\u00dfen m\u00f6chten, einem bemerkenswerten nationalen und internationalen Reiseziel, das f\u00fcr sein reiches Erbe, das Land der Oasen, Ksours und Kasbahs bekannt ist. <br \/>Wir laden Sie daher ein, den S\u00fcdosten Marokkos zu entdecken und die nat\u00fcrliche und kulturelle Vielfalt der Region zu genie\u00dfen, die eine einzigartige Mischung aus goldenem Sand, imposanten Bergen und Gr\u00fcnfl\u00e4chen sowie historischen St\u00e4dten wie Goulmima, Tinghir und Errachidia bietet, ganz zu schweigen von der Gastfreundschaft der Einwohner, die die Reisenden bei jedem Besuch aufs Neue \u00fcberrascht.<\/p><p>Wir sind bestrebt, Ihre Reise zu einem einzigartigen Erlebnis zu machen, reich an Erinnerungen und angenehmen Emotionen.<\/p>\t\t\t\t\t\t\t\t<\/div>\n\t\t\t\t<\/div>\n\t\t\t\t<\/div>\n\t\t<div class=\"elementor-element elementor-element-ec2cb7c e-con-full e-flex elementor-invisible e-con e-child\" data-id=\"ec2cb7c\" data-element_type=\"container\" data-e-type=\"container\" data-settings=\"{&quot;background_background&quot;:&quot;classic&quot;,&quot;animation&quot;:&quot;fadeInRight&quot;}\">\n\t\t\t\t<\/div>\n\t\t\t\t\t<\/div>\n\t\t\t\t<\/div>\n\t\t\t\t<\/div>","protected":false},"excerpt":{"rendered":"<p>Solidarity Tourism The Al-Jisr Association offers trips to all types of &#8230; <\/p>","protected":false},"author":1,"featured_media":0,"parent":0,"menu_order":0,"comment_status":"closed","ping_status":"closed","template":"elementor_header_footer","meta":{"footnotes":""},"class_list":["post-5179","page","type-page","status-publish","hentry"],"_links":{"self":[{"href":"https:\/\/aljisrasso.com\/de\/wp-json\/wp\/v2\/pages\/5179","targetHints":{"allow":["GET"]}}],"collection":[{"href":"https:\/\/aljisrasso.com\/de\/wp-json\/wp\/v2\/pages"}],"about":[{"href":"https:\/\/aljisrasso.com\/de\/wp-json\/wp\/v2\/types\/page"}],"author":[{"embeddable":true,"href":"https:\/\/aljisrasso.com\/de\/wp-json\/wp\/v2\/users\/1"}],"replies":[{"embeddable":true,"href":"https:\/\/aljisrasso.com\/de\/wp-json\/wp\/v2\/comments?post=5179"}],"version-history":[{"count":19,"href":"https:\/\/aljisrasso.com\/de\/wp-json\/wp\/v2\/pages\/5179\/revisions"}],"predecessor-version":[{"id":5199,"href":"https:\/\/aljisrasso.com\/de\/wp-json\/wp\/v2\/pages\/5179\/revisions\/5199"}],"wp:attachment":[{"href":"https:\/\/aljisrasso.com\/de\/wp-json\/wp\/v2\/media?parent=5179"}],"curies":[{"name":"wp","href":"https:\/\/api.w.org\/{rel}","templated":true}]}}