{"id":5200,"date":"2025-08-30T22:42:50","date_gmt":"2025-08-30T22:42:50","guid":{"rendered":"https:\/\/aljisrasso.com\/?page_id=5200"},"modified":"2025-08-30T22:45:10","modified_gmt":"2025-08-30T22:45:10","slug":"participative-solidarity-travel","status":"publish","type":"page","link":"https:\/\/aljisrasso.com\/de\/participative-solidarity-travel\/","title":{"rendered":"Partizipative Solidarit\u00e4tsreisen"},"content":{"rendered":"<div data-elementor-type=\"wp-page\" data-elementor-id=\"5200\" class=\"elementor elementor-5200\" data-elementor-post-type=\"page\">\n\t\t\t\t<div class=\"elementor-element elementor-element-d2184a1 e-flex e-con-boxed e-con e-parent\" data-id=\"d2184a1\" data-element_type=\"container\" data-e-type=\"container\">\n\t\t\t\t\t<div class=\"e-con-inner\">\n\t\t\t\t<div class=\"elementor-element elementor-element-cdee184 elementor-widget elementor-widget-spacer\" data-id=\"cdee184\" data-element_type=\"widget\" data-e-type=\"widget\" data-widget_type=\"spacer.default\">\n\t\t\t\t\t\t\t<div class=\"elementor-spacer\">\n\t\t\t<div class=\"elementor-spacer-inner\"><\/div>\n\t\t<\/div>\n\t\t\t\t\t\t<\/div>\n\t\t\t\t\t<\/div>\n\t\t\t\t<\/div>\n\t\t<div class=\"elementor-element elementor-element-b1ca15c e-flex e-con-boxed e-con e-parent\" data-id=\"b1ca15c\" data-element_type=\"container\" data-e-type=\"container\">\n\t\t\t\t\t<div class=\"e-con-inner\">\n\t\t<div class=\"elementor-element elementor-element-beccbb8 e-con-full e-flex e-con e-child\" data-id=\"beccbb8\" data-element_type=\"container\" data-e-type=\"container\" data-settings=\"{&quot;background_background&quot;:&quot;classic&quot;}\">\n\t\t<div class=\"elementor-element elementor-element-16d090c e-con-full e-flex elementor-invisible e-con e-child\" data-id=\"16d090c\" data-element_type=\"container\" data-e-type=\"container\" data-settings=\"{&quot;animation&quot;:&quot;fadeInDown&quot;}\">\n\t\t\t\t<div class=\"elementor-element elementor-element-315bdf0 elementor-widget elementor-widget-heading\" data-id=\"315bdf0\" data-element_type=\"widget\" data-e-type=\"widget\" data-widget_type=\"heading.default\">\n\t\t\t\t\t<h2 class=\"elementor-heading-title elementor-size-default\">Partizipative Solidarit\u00e4tsreisen<\/h2>\t\t\t\t<\/div>\n\t\t\t\t<div class=\"elementor-element elementor-element-d2d6342 elementor-widget-divider--view-line elementor-widget elementor-widget-divider\" data-id=\"d2d6342\" data-element_type=\"widget\" data-e-type=\"widget\" data-widget_type=\"divider.default\">\n\t\t\t\t\t\t\t<div class=\"elementor-divider\">\n\t\t\t<span class=\"elementor-divider-separator\">\n\t\t\t\t\t\t<\/span>\n\t\t<\/div>\n\t\t\t\t\t\t<\/div>\n\t\t\t\t<div class=\"elementor-element elementor-element-d6cf074 elementor-widget elementor-widget-text-editor\" data-id=\"d6cf074\" data-element_type=\"widget\" data-e-type=\"widget\" data-widget_type=\"text-editor.default\">\n\t\t\t\t\t\t\t\t\t<p>Wie der Name schon sagt, geht es bei diesen Reisen um die aktive Teilnahme an einem lokalen Entwicklungshilfeprojekt. Sie werden in Zusammenarbeit mit dem Verein f\u00fcr Kommunikation und Bildungskooperation Al-Jisr organisiert und geben Ihnen die M\u00f6glichkeit, am t\u00e4glichen Leben in der Oase Ghriss teilzunehmen. Sie werden empfangen, verpflegt und untergebracht, so dass Sie das authentische Leben der Bewohner kennen lernen k\u00f6nnen. Im Gegenzug verbringen Sie Ihre Zeit mit verschiedenen Aufgaben. Dank unserer Erfahrung und unserer Partner k\u00f6nnen Sie vor Ort an einem lokalen Entwicklungsprojekt teilnehmen: Sie w\u00e4hlen aus den angebotenen Aufgaben diejenige aus, die Ihnen am meisten zusagt, und nehmen einige Stunden am Tag daran teil, wobei Sie Ihre Kenntnisse und F\u00e4higkeiten einbringen. Sie werden in direktem Kontakt mit der lokalen Bev\u00f6lkerung stehen, die sich aktiv an den Projekten beteiligen wird. Ein Teil Ihres Aufenthalts ist auch der Erkundung des Landes gewidmet, wobei Ausfl\u00fcge in kleinen Gruppen organisiert werden. Diese Reise steht ganz im Zeichen von Solidarit\u00e4t und Teamwork.<\/p>\t\t\t\t\t\t\t\t<\/div>\n\t\t\t\t<\/div>\n\t\t\t\t<\/div>\n\t\t<div class=\"elementor-element elementor-element-ec2cb7c e-con-full e-flex elementor-invisible e-con e-child\" data-id=\"ec2cb7c\" data-element_type=\"container\" data-e-type=\"container\" data-settings=\"{&quot;background_background&quot;:&quot;classic&quot;,&quot;animation&quot;:&quot;fadeInRight&quot;}\">\n\t\t\t\t<\/div>\n\t\t\t\t\t<\/div>\n\t\t\t\t<\/div>\n\t\t\t\t<\/div>","protected":false},"excerpt":{"rendered":"<p>Participative solidarity travel As their name suggests, these trips involve active &#8230; <\/p>","protected":false},"author":1,"featured_media":0,"parent":0,"menu_order":0,"comment_status":"closed","ping_status":"closed","template":"elementor_header_footer","meta":{"footnotes":""},"class_list":["post-5200","page","type-page","status-publish","hentry"],"_links":{"self":[{"href":"https:\/\/aljisrasso.com\/de\/wp-json\/wp\/v2\/pages\/5200","targetHints":{"allow":["GET"]}}],"collection":[{"href":"https:\/\/aljisrasso.com\/de\/wp-json\/wp\/v2\/pages"}],"about":[{"href":"https:\/\/aljisrasso.com\/de\/wp-json\/wp\/v2\/types\/page"}],"author":[{"embeddable":true,"href":"https:\/\/aljisrasso.com\/de\/wp-json\/wp\/v2\/users\/1"}],"replies":[{"embeddable":true,"href":"https:\/\/aljisrasso.com\/de\/wp-json\/wp\/v2\/comments?post=5200"}],"version-history":[{"count":7,"href":"https:\/\/aljisrasso.com\/de\/wp-json\/wp\/v2\/pages\/5200\/revisions"}],"predecessor-version":[{"id":5207,"href":"https:\/\/aljisrasso.com\/de\/wp-json\/wp\/v2\/pages\/5200\/revisions\/5207"}],"wp:attachment":[{"href":"https:\/\/aljisrasso.com\/de\/wp-json\/wp\/v2\/media?parent=5200"}],"curies":[{"name":"wp","href":"https:\/\/api.w.org\/{rel}","templated":true}]}}