{"id":5213,"date":"2025-08-30T22:49:14","date_gmt":"2025-08-30T22:49:14","guid":{"rendered":"https:\/\/aljisrasso.com\/?page_id=5213"},"modified":"2025-08-30T22:55:18","modified_gmt":"2025-08-30T22:55:18","slug":"christmas-and-easter-solidarity-trip","status":"publish","type":"page","link":"https:\/\/aljisrasso.com\/de\/christmas-and-easter-solidarity-trip\/","title":{"rendered":"Solidarit\u00e4tsreise zu Weihnachten und Ostern"},"content":{"rendered":"<div data-elementor-type=\"wp-page\" data-elementor-id=\"5213\" class=\"elementor elementor-5213\" data-elementor-post-type=\"page\">\n\t\t\t\t<div class=\"elementor-element elementor-element-d2184a1 e-flex e-con-boxed e-con e-parent\" data-id=\"d2184a1\" data-element_type=\"container\" data-e-type=\"container\">\n\t\t\t\t\t<div class=\"e-con-inner\">\n\t\t\t\t<div class=\"elementor-element elementor-element-cdee184 elementor-widget elementor-widget-spacer\" data-id=\"cdee184\" data-element_type=\"widget\" data-e-type=\"widget\" data-widget_type=\"spacer.default\">\n\t\t\t\t\t\t\t<div class=\"elementor-spacer\">\n\t\t\t<div class=\"elementor-spacer-inner\"><\/div>\n\t\t<\/div>\n\t\t\t\t\t\t<\/div>\n\t\t\t\t\t<\/div>\n\t\t\t\t<\/div>\n\t\t<div class=\"elementor-element elementor-element-b1ca15c e-flex e-con-boxed e-con e-parent\" data-id=\"b1ca15c\" data-element_type=\"container\" data-e-type=\"container\">\n\t\t\t\t\t<div class=\"e-con-inner\">\n\t\t<div class=\"elementor-element elementor-element-beccbb8 e-con-full e-flex e-con e-child\" data-id=\"beccbb8\" data-element_type=\"container\" data-e-type=\"container\" data-settings=\"{&quot;background_background&quot;:&quot;classic&quot;}\">\n\t\t<div class=\"elementor-element elementor-element-16d090c e-con-full e-flex elementor-invisible e-con e-child\" data-id=\"16d090c\" data-element_type=\"container\" data-e-type=\"container\" data-settings=\"{&quot;animation&quot;:&quot;fadeInDown&quot;}\">\n\t\t\t\t<div class=\"elementor-element elementor-element-315bdf0 elementor-widget__width-initial elementor-widget elementor-widget-heading\" data-id=\"315bdf0\" data-element_type=\"widget\" data-e-type=\"widget\" data-widget_type=\"heading.default\">\n\t\t\t\t\t<h2 class=\"elementor-heading-title elementor-size-default\">Solidarit\u00e4tsreise zu Weihnachten und Ostern<\/h2>\t\t\t\t<\/div>\n\t\t\t\t<div class=\"elementor-element elementor-element-d2d6342 elementor-widget-divider--view-line elementor-widget elementor-widget-divider\" data-id=\"d2d6342\" data-element_type=\"widget\" data-e-type=\"widget\" data-widget_type=\"divider.default\">\n\t\t\t\t\t\t\t<div class=\"elementor-divider\">\n\t\t\t<span class=\"elementor-divider-separator\">\n\t\t\t\t\t\t<\/span>\n\t\t<\/div>\n\t\t\t\t\t\t<\/div>\n\t\t\t\t<div class=\"elementor-element elementor-element-d6cf074 elementor-widget elementor-widget-text-editor\" data-id=\"d6cf074\" data-element_type=\"widget\" data-e-type=\"widget\" data-widget_type=\"text-editor.default\">\n\t\t\t\t\t\t\t\t\t<p>Die Al-Jisr-Vereinigung f\u00fcr Kommunikation und Bildungskooperation organisiert Weihnachtsaktivit\u00e4ten, um unterprivilegierten, verwaisten und obdachlosen Kindern Freude und Trost zu bringen, indem sie ihnen Momente des Austauschs, des Lernens und der Unterhaltung bietet.<br \/>Ihre Rolle<br \/>Als Freiwilliger werden Sie an verschiedenen p\u00e4dagogischen und unterhaltsamen Aktivit\u00e4ten teilnehmen: Freizeitaktivit\u00e4ten, Tanzen, kreative Aktivit\u00e4ten, Lernspiele usw. Diese besonderen Momente werden es den Kindern erm\u00f6glichen, sich zu entfalten und sich wie alle anderen Kinder integriert zu f\u00fchlen.<br \/>Die Teilnahme an diesem Solidarit\u00e4tsprojekt bedeutet:<br \/>- Entwicklung wertvoller menschlicher und organisatorischer F\u00e4higkeiten<br \/>- Entdeckung einer neuen Kultur und einer anderen Lebensweise<br \/>- eine einzigartige und authentische Erfahrung zu machen<br \/>- einen direkten Beitrag zu einem lokalen Entwicklungs- und internationalen Solidarit\u00e4tsprojekt leisten.<\/p>\t\t\t\t\t\t\t\t<\/div>\n\t\t\t\t<\/div>\n\t\t\t\t<\/div>\n\t\t<div class=\"elementor-element elementor-element-ec2cb7c e-con-full e-flex elementor-invisible e-con e-child\" data-id=\"ec2cb7c\" data-element_type=\"container\" data-e-type=\"container\" data-settings=\"{&quot;background_background&quot;:&quot;classic&quot;,&quot;animation&quot;:&quot;fadeInRight&quot;}\">\n\t\t\t\t<\/div>\n\t\t\t\t\t<\/div>\n\t\t\t\t<\/div>\n\t\t\t\t<\/div>","protected":false},"excerpt":{"rendered":"<p>Christmas and Easter solidarity trip The Al-Jisr association for communication and &#8230; <\/p>","protected":false},"author":1,"featured_media":0,"parent":0,"menu_order":0,"comment_status":"closed","ping_status":"closed","template":"elementor_header_footer","meta":{"footnotes":""},"class_list":["post-5213","page","type-page","status-publish","hentry"],"_links":{"self":[{"href":"https:\/\/aljisrasso.com\/de\/wp-json\/wp\/v2\/pages\/5213","targetHints":{"allow":["GET"]}}],"collection":[{"href":"https:\/\/aljisrasso.com\/de\/wp-json\/wp\/v2\/pages"}],"about":[{"href":"https:\/\/aljisrasso.com\/de\/wp-json\/wp\/v2\/types\/page"}],"author":[{"embeddable":true,"href":"https:\/\/aljisrasso.com\/de\/wp-json\/wp\/v2\/users\/1"}],"replies":[{"embeddable":true,"href":"https:\/\/aljisrasso.com\/de\/wp-json\/wp\/v2\/comments?post=5213"}],"version-history":[{"count":7,"href":"https:\/\/aljisrasso.com\/de\/wp-json\/wp\/v2\/pages\/5213\/revisions"}],"predecessor-version":[{"id":5220,"href":"https:\/\/aljisrasso.com\/de\/wp-json\/wp\/v2\/pages\/5213\/revisions\/5220"}],"wp:attachment":[{"href":"https:\/\/aljisrasso.com\/de\/wp-json\/wp\/v2\/media?parent=5213"}],"curies":[{"name":"wp","href":"https:\/\/api.w.org\/{rel}","templated":true}]}}