{"id":281,"date":"2025-08-27T10:59:36","date_gmt":"2025-08-27T10:59:36","guid":{"rendered":"https:\/\/aljisrasso.com\/?page_id=281"},"modified":"2025-08-27T11:20:01","modified_gmt":"2025-08-27T11:20:01","slug":"information","status":"publish","type":"page","link":"https:\/\/aljisrasso.com\/es\/information\/","title":{"rendered":"Informaci\u00f3n"},"content":{"rendered":"<div data-elementor-type=\"wp-page\" data-elementor-id=\"281\" class=\"elementor elementor-281\" data-elementor-post-type=\"page\">\n\t\t\t\t<div class=\"elementor-element elementor-element-51b43e8 e-flex e-con-boxed e-con e-parent\" data-id=\"51b43e8\" data-element_type=\"container\" data-e-type=\"container\">\n\t\t\t\t\t<div class=\"e-con-inner\">\n\t\t\t\t<div class=\"elementor-element elementor-element-e624b70 elementor-widget elementor-widget-html\" data-id=\"e624b70\" data-element_type=\"widget\" data-e-type=\"widget\" data-widget_type=\"html.default\">\n\t\t\t\t\t<!DOCTYPE html>\r\n<html lang=\"en\">\r\n<head>\r\n  <meta charset=\"UTF-8\">\r\n  <meta name=\"viewport\" content=\"width=device-width, initial-scale=1.0\">\r\n  <title>Goulmima Information - Al Jisr Association<\/title>\r\n  <link href=\"https:\/\/fonts.googleapis.com\/css2?family=Inter:wght@300;400;500;600;700&display=swap\" rel=\"stylesheet\">\r\n  <link rel=\"stylesheet\" href=\"https:\/\/cdnjs.cloudflare.com\/ajax\/libs\/font-awesome\/6.0.0\/css\/all.min.css\">\r\n  <style>\r\n    :root {\r\n      --primary: #093a65;\r\n      --primary-light: #3a78d6;\r\n      --secondary: #e30613;\r\n      --accent: #437d43;\r\n      --accent-light: #6da46d;\r\n      --dark: #1e293b;\r\n      --gray: #64748b;\r\n      --light-gray: #e2e8f0;\r\n      --white: #ffffff;\r\n      --bg-color: #f8fafc;\r\n      --card-shadow: 0 5px 15px rgba(0, 0, 0, 0.08);\r\n      --hover-shadow: 0 10px 25px rgba(0, 0, 0, 0.12);\r\n    }\r\n    \r\n    * {\r\n      margin: 0;\r\n      padding: 0;\r\n      \r\n    }\r\n    \r\n    body {\r\n      font-family: 'Inter', sans-serif;\r\n      \r\n    }\r\n    \r\n    .container {\r\n      max-width: 1400px;\r\n      margin: 60px auto;\r\n     \r\n    }\r\n    \r\n    .header {\r\n      text-align: center;\r\n      margin-bottom: 50px;\r\n    }\r\n    \r\n    .header h4 {\r\n      color: var(--secondary);\r\n      margin: 0 0 12px 0;\r\n      font-size: 16px;\r\n      font-weight: 600;\r\n      letter-spacing: 1.5px;\r\n      text-transform: uppercase;\r\n    }\r\n    \r\n    .header h1 {\r\n      margin: 0 0 20px 0;\r\n      font-size: 2.8rem;\r\n      font-weight: 700;\r\n      line-height: 1.2;\r\n      color: var(--primary);\r\n      position: relative;\r\n      display: inline-block;\r\n    }\r\n    \r\n    .header h1:after {\r\n      content: '';\r\n      position: absolute;\r\n      bottom: -15px;\r\n      left: 50%;\r\n      transform: translateX(-50%);\r\n      width: 80px;\r\n      height: 4px;\r\n      background: linear-gradient(to right, var(--secondary), var(--primary));\r\n      border-radius: 2px;\r\n    }\r\n    \r\n    .content-grid {\r\n      display: grid;\r\n      grid-template-columns: 1fr;\r\n      gap: 40px;\r\n    }\r\n    \r\n    .info-section {\r\n      padding: 40px;\r\n      border-radius: 16px;\r\n      box-shadow: var(--card-shadow);\r\n      transition: all 0.3s ease;\r\n      position: relative;\r\n      overflow: hidden;\r\n    }\r\n    \r\n    .info-section:hover {\r\n      transform: translateY(-5px);\r\n      box-shadow: var(--hover-shadow);\r\n    }\r\n    \r\n    .info-section:before {\r\n      content: '';\r\n      position: absolute;\r\n      top: 0;\r\n      left: 0;\r\n      width: 5px;\r\n      height: 100%;\r\n      border-radius: 16px 0 0 16px;\r\n    }\r\n    \r\n    \/* Different background colors for each container *\/\r\n    .info-section:nth-child(1) {\r\n      background: linear-gradient(135deg, #e6f7ff 0%, #c6e6ff 100%);\r\n    }\r\n    .info-section:nth-child(1):before {\r\n      background: linear-gradient(to bottom, #3a78d6, #093a65);\r\n    }\r\n    \r\n    .info-section:nth-child(2) {\r\n      background: linear-gradient(135deg, #fff2e6 0%, #ffe6cc 100%);\r\n    }\r\n    .info-section:nth-child(2):before {\r\n      background: linear-gradient(to bottom, #ff9933, #cc6600);\r\n    }\r\n    \r\n    .info-section:nth-child(3) {\r\n      background: linear-gradient(135deg, #e6ffe6 0%, #ccffcc 100%);\r\n    }\r\n    .info-section:nth-child(3):before {\r\n      background: linear-gradient(to bottom, #33cc33, #009900);\r\n    }\r\n    \r\n    .info-section:nth-child(4) {\r\n      background: linear-gradient(135deg, #ffe6f2 0%, #ffcce6 100%);\r\n    }\r\n    .info-section:nth-child(4):before {\r\n      background: linear-gradient(to bottom, #ff66b2, #cc0066);\r\n    }\r\n    \r\n    .info-section:nth-child(5) {\r\n      background: linear-gradient(135deg, #f0e6ff 0%, #e0ccff 100%);\r\n    }\r\n    .info-section:nth-child(5):before {\r\n      background: linear-gradient(to bottom, #9933ff, #6600cc);\r\n    }\r\n    \r\n    .info-section:nth-child(6) {\r\n      background: linear-gradient(135deg, #e6f0ff 0%, #cce0ff 100%);\r\n    }\r\n    .info-section:nth-child(6):before {\r\n      background: linear-gradient(to bottom, #3366ff, #0033cc);\r\n    }\r\n    \r\n    .info-section:nth-child(7) {\r\n      background: linear-gradient(135deg, #fff0e6 0%, #ffe0cc 100%);\r\n    }\r\n    .info-section:nth-child(7):before {\r\n      background: linear-gradient(to bottom, #ff6600, #cc3300);\r\n    }\r\n    \r\n    .info-section:nth-child(8) {\r\n      background: linear-gradient(135deg, #e6fffb 0%, #ccfff5 100%);\r\n    }\r\n    .info-section:nth-child(8):before {\r\n      background: linear-gradient(to bottom, #00cc99, #009973);\r\n    }\r\n    \r\n    .info-section:nth-child(9) {\r\n      background: linear-gradient(135deg, #ffe6e6 0%, #ffcccc 100%);\r\n    }\r\n    .info-section:nth-child(9):before {\r\n      background: linear-gradient(to bottom, #ff3333, #cc0000);\r\n    }\r\n    \r\n    .info-section:nth-child(10) {\r\n      background: linear-gradient(135deg, #f9e6ff 0%, #f2ccff 100%);\r\n    }\r\n    .info-section:nth-child(10):before {\r\n      background: linear-gradient(to bottom, #cc33ff, #9900cc);\r\n    }\r\n    \r\n    .info-section:nth-child(11) {\r\n      background: linear-gradient(135deg, #e6f9ff 0%, #ccf2ff 100%);\r\n    }\r\n    .info-section:nth-child(11):before {\r\n      background: linear-gradient(to bottom, #33ccff, #0099cc);\r\n    }\r\n    \r\n    .info-section:nth-child(12) {\r\n      background: linear-gradient(135deg, #fffae6 0%, #fff5cc 100%);\r\n    }\r\n    .info-section:nth-child(12):before {\r\n      background: linear-gradient(to bottom, #ffcc00, #cc9900);\r\n    }\r\n    \r\n    .info-section:nth-child(13) {\r\n      background: linear-gradient(135deg, #e6ffe6 0%, #ccffcc 100%);\r\n    }\r\n    .info-section:nth-child(13):before {\r\n      background: linear-gradient(to bottom, #66ff66, #00cc00);\r\n    }\r\n    \r\n    .info-section:nth-child(14) {\r\n      background: linear-gradient(135deg, #ffe6f9 0%, #ffccf2 100%);\r\n    }\r\n    .info-section:nth-child(14):before {\r\n      background: linear-gradient(to bottom, #ff66cc, #cc0099);\r\n    }\r\n    \r\n    .section-title {\r\n      display: flex;\r\n      align-items: center;\r\n      gap: 15px;\r\n      margin-bottom: 25px;\r\n      color: var(--primary);\r\n    }\r\n    \r\n    .section-title i {\r\n      background: rgba(255, 255, 255, 0.2);\r\n      width: 50px;\r\n      height: 50px;\r\n      display: flex;\r\n      align-items: center;\r\n      justify-content: center;\r\n      border-radius: 50%;\r\n      color: var(--primary);\r\n      backdrop-filter: blur(5px);\r\n      border: 1px solid rgba(255, 255, 255, 0.3);\r\n    }\r\n    \r\n    .section-title h2 {\r\n      font-size: 1.8rem;\r\n      font-weight: 600;\r\n    }\r\n    \r\n    .info-content p {\r\n      color: var(--dark);\r\n      line-height: 1.8;\r\n      margin-bottom: 20px;\r\n      font-size: 1.05rem;\r\n    }\r\n    \r\n    .note-box {\r\n      background: rgba(255, 255, 255, 0.5);\r\n      padding: 20px;\r\n      border-radius: 12px;\r\n      margin: 25px 0;\r\n      border-left: 4px solid var(--primary);\r\n      backdrop-filter: blur(5px);\r\n    }\r\n    \r\n    .note-box p {\r\n      color: var(--dark);\r\n      margin-bottom: 0;\r\n      font-weight: 500;\r\n    }\r\n    \r\n    .bullet-list {\r\n      list-style-type: none;\r\n      margin: 20px 0;\r\n    }\r\n    \r\n    .bullet-list li {\r\n      margin-bottom: 12px;\r\n      padding-left: 30px;\r\n      position: relative;\r\n      color: var(--dark);\r\n    }\r\n    \r\n    .bullet-list li:before {\r\n      content: '\u2022';\r\n      color: var(--primary);\r\n      font-weight: bold;\r\n      position: absolute;\r\n      left: 0;\r\n      font-size: 1.5rem;\r\n    }\r\n    \r\n    @media (max-width: 1024px) {\r\n      .container {\r\n        margin: 50px auto;\r\n      }\r\n      \r\n      .header h1 {\r\n        font-size: 2.4rem;\r\n      }\r\n      \r\n      .info-section {\r\n        padding: 30px;\r\n      }\r\n      \r\n      .section-title h2 {\r\n        font-size: 1.6rem;\r\n      }\r\n    }\r\n    \r\n    @media (max-width: 768px) {\r\n      .container {\r\n        margin: 40px auto;\r\n        padding: 0 15px;\r\n      }\r\n      \r\n      .header {\r\n        margin-bottom: 40px;\r\n      }\r\n      \r\n      .header h1 {\r\n        font-size: 2rem;\r\n      }\r\n      \r\n      .info-section {\r\n        padding: 25px 20px 25px 25px;\r\n      }\r\n      \r\n      .section-title {\r\n        flex-direction: column;\r\n        align-items: flex-start;\r\n        gap: 10px;\r\n      }\r\n      \r\n      .section-title h2 {\r\n        font-size: 1.4rem;\r\n      }\r\n      \r\n      .section-title i {\r\n        width: 40px;\r\n        height: 40px;\r\n      }\r\n    }\r\n  <\/style>\r\n<\/head>\r\n<body>\r\n  <div class=\"container\">\r\n    <div class=\"header\">\r\n      <h4>Descubra<\/h4>\r\n      <h1>Goulmima y alrededores<\/h1>\r\n    <\/div>\r\n    \r\n    <div class=\"content-grid\">\r\n      <div class=\"info-section\">\r\n        <div class=\"section-title\">\r\n          <i class=\"fas fa-city\"><\/i>\r\n          <h2>Informaci\u00f3n<\/h2>\r\n        <\/div>\r\n        <div class=\"info-content\">\r\n          <p>Goulmima (en \u00e1rabe: \u0763\u0644\u0645\u064a\u0645\u0629) es una ciudad de Marruecos situada en la provincia de Errachidia, en la regi\u00f3n de Dr\u00e2a-Tafilalet, en la llanura entre el Alto Atlas y el Anti Atlas.<\/p>\r\n          <p>Goumima es una ciudad regional de tama\u00f1o medio, un oasis agr\u00edcola famoso por su cultivo de d\u00e1tiles y aceitunas, alimentado por el Wadi Gheris desde las monta\u00f1as centrales del Alto Atlas. Al igual que otros asentamientos del Tafilalet, fue construida como pueblo fortificado o ksar. Uno de los m\u00e1s importantes, (Ksar Goulmima).<\/p>\r\n          <p>Los amazigh son los habitantes aut\u00f3ctonos de la regi\u00f3n, y la lengua amazigh es su lengua materna, aunque tambi\u00e9n hablan otros idiomas como el \u00e1rabe, el franc\u00e9s y el ingl\u00e9s.<\/p>\r\n        <\/div>\r\n      <\/div>\r\n      \r\n      <div class=\"info-section\">\r\n        <div class=\"section-title\">\r\n          <i class=\"fas fa-cloud-sun\"><\/i>\r\n          <h2>El clima<\/h2>\r\n        <\/div>\r\n        <div class=\"info-content\">\r\n          <p>La ciudad de Goulmima se beneficia de un clima semides\u00e9rtico caracterizado por inviernos fr\u00edos y veranos calurosos, con temperaturas que a veces descienden hasta los 0 grados, con un contraste entre el d\u00eda y la noche, y que a veces suben hasta los 40 grados en julio, mientras que el clima en oto\u00f1o y primavera es suave, con una temperatura media de 25 grados. Las noches y veladas de verano en Goulmima y sus alrededores son muy agradables, y los visitantes pueden disfrutar del ambiente de las celebraciones de bodas en alguno de los distritos o pueblos vecinos.<\/p>\r\n          <p>Durante el verano, las piscinas p\u00fablicas y privadas siguen siendo el destino favorito de residentes y visitantes para relajarse, nadar y disfrutar del agua refrescante.<\/p>\r\n        <\/div>\r\n      <\/div>\r\n      \r\n      <div class=\"info-section\">\r\n        <div class=\"section-title\">\r\n          <i class=\"fas fa-hospital\"><\/i>\r\n          <h2>Servicios sanitarios<\/h2>\r\n        <\/div>\r\n        <div class=\"info-content\">\r\n          <p>Goulmima cuenta con varios centros de salud que contribuyen a prestar servicios m\u00e9dicos b\u00e1sicos a la poblaci\u00f3n. Estas instalaciones incluyen un hospital p\u00fablico (1), varios centros de salud y varias cl\u00ednicas privadas que ofrecen atenci\u00f3n primaria y secundaria.<\/p>\r\n          <p>En el marco del desarrollo de una infraestructura sanitaria multidisciplinar al m\u00e1s alto nivel internacional, la cl\u00ednica privada AKDITAL International se inaugur\u00f3 en Errachedia (a 60 kil\u00f3metros de Goulmima) para poner a disposici\u00f3n de la poblaci\u00f3n de la regi\u00f3n de Draa Tafilalt equipos de \u00faltima generaci\u00f3n para tratar todas las patolog\u00edas, desde las m\u00e1s sencillas a las m\u00e1s complejas. Esta proximidad facilita a la poblaci\u00f3n local el acceso a una asistencia de calidad, sin tener que desplazarse a las grandes ciudades para beneficiarse de servicios m\u00e9dicos avanzados.<\/p>\r\n        <\/div>\r\n      <\/div>\r\n      \r\n      <div class=\"info-section\">\r\n        <div class=\"section-title\">\r\n          <i class=\"fas fa-people-group\"><\/i>\r\n          <h2>Cultura y valores comunitarios<\/h2>\r\n        <\/div>\r\n        <div class=\"info-content\">\r\n          <p>La cultura de la comunidad amazigh de la regi\u00f3n de Goulmima es rica y diversa, se basa en s\u00f3lidos valores transmitidos de generaci\u00f3n en generaci\u00f3n y se caracteriza por su flexibilidad para adaptarse a los cambios hist\u00f3ricos y sociales. La cultura amazigh de la regi\u00f3n se caracteriza por la presencia de la lengua amazigh, que es un elemento esencial de la identidad cultural, as\u00ed como de tradiciones como las celebraciones colectivas, la m\u00fasica, la danza, los cuentos populares, las artes decorativas y la artesan\u00eda.<\/p>\r\n          <p>La celebraci\u00f3n del a\u00f1o amazigh, que marca el comienzo del nuevo a\u00f1o en el calendario amazigh, es una de las manifestaciones m\u00e1s importantes de este v\u00ednculo.<\/p>\r\n          <p>La memoria local de Kalma a\u00fan conserva ciertos aspectos de la celebraci\u00f3n jud\u00eda de Ashoura, en el marco de lo que se conoce como el ritual \"Odin Nishor\", o en \u00e1rabe simple \"Jud\u00edos de Ashoura\", un ritual organizado cada a\u00f1o con motivo del d\u00eda sagrado de Ashoura ; un ritual representativo dejado por los jud\u00edos que viven en los oasis de Ghris_Goulmima, Ferkla_Tinejdad, Toudgha_Tinghir y otras regiones, donde los celebrantes llevan m\u00e1scaras aterradoras y llamativas para conmemorar este d\u00eda hist\u00f3rico.<\/p>\r\n          <p>La comunidad amazigh se caracteriza por su deseo de preservar su patrimonio cultural, en particular los cuentos, proverbios, adivinanzas, poemas y el tipo de ropa que llevan las mujeres, que se consideran s\u00edmbolos de identidad cultural que deben conservarse.<\/p>\r\n          <p>Nada m\u00e1s cruzar el sureste del Reino, llama la atenci\u00f3n el vestido negro con diferentes s\u00edmbolos y colores que llevan las mujeres. Esta prenda, conocida localmente como \"Tahrouyte\", no es s\u00f3lo una prenda, sino un s\u00edmbolo cultural que caracteriza el sureste y preserva el car\u00e1cter \u00fanico de esta regi\u00f3n.<\/p>\r\n          <p>El arte del Ahidous es una de las artes folcl\u00f3ricas m\u00e1s importantes de la cultura amazigh, sobre todo en las regiones del sudeste de Marruecos. El ahidous es conocido como una de las artes colectivas del canto y la danza amazigh, porque ha estado asociado desde su aparici\u00f3n en el entorno natural y geogr\u00e1fico con el hombre amazigh, un arte que no se ha visto afectado por muchos cambios y se ha mantenido inamovible tal y como fue desde su aparici\u00f3n.<\/p>\r\n        <\/div>\r\n      <\/div>\r\n      \r\n      <div class=\"info-section\">\r\n        <div class=\"section-title\">\r\n          <i class=\"fas fa-bus\"><\/i>\r\n          <h2>Transportes y comunicaciones para extranjeros<\/h2>\r\n        <\/div>\r\n        <div class=\"info-content\">\r\n          <p>Para llegar a Goulmima, los extranjeros pueden utilizar diversos medios de transporte, entre los que se incluyen transportes p\u00fablicos como aviones, autobuses y taxis, as\u00ed como transportes privados como coches de alquiler. Tambi\u00e9n hay servicios especializados de transporte tur\u00edstico que facilitan los desplazamientos entre las distintas ciudades y lugares tur\u00edsticos.<\/p>\r\n          <p>El transporte p\u00fablico en Marruecos es seguro y c\u00f3modo para los viajeros extranjeros, tres vuelos semanales conectan el aeropuerto de Marrakech Menara con el de Errachidia Moulay Ali Cherif, a unos sesenta kil\u00f3metros de la ciudad de Goulmima. Estos vuelos son directos y duran aproximadamente una hora. Otro vuelo incluye una escala en el aeropuerto internacional Mohammed V de Casablanca.<\/p>\r\n          <div class=\"note-box\">\r\n            <p>Tenga en cuenta que esta informaci\u00f3n se basa en la programaci\u00f3n de vuelos actual y est\u00e1 sujeta a cambios. Puede consultar la informaci\u00f3n m\u00e1s reciente sobre disponibilidad de vuelos en Wego, Almosafer o Skyscanner.<\/p>\r\n          <\/div>\r\n          <p>Varias compa\u00f1\u00edas de autobuses ofrecen viajes de Marrakech a Goulmima. El trayecto dura unas 8 horas y los billetes cuestan entre 200 y 250 dirhams marroqu\u00edes. Los billetes se pueden comprar en las estaciones de autobuses o por internet.<\/p>\r\n          <p>Las mejores compa\u00f1\u00edas de autobuses que ofrecen trayectos de Marrakech a Goulmima son la Compa\u00f1\u00eda Marroqu\u00ed de Transportes (CTM) y Autobuses Supratour.<\/p>\r\n          <p>Horarios de autobuses :<\/p>\r\n          <p>Hay muchos trayectos diarios, incluidos los nocturnos. Puede consultar los horarios en l\u00ednea o poni\u00e9ndose en contacto con las empresas mencionadas.<\/p>\r\n        <\/div>\r\n      <\/div>\r\n      \r\n      <div class=\"info-section\">\r\n        <div class=\"section-title\">\r\n          <i class=\"fas fa-calendar-days\"><\/i>\r\n          <h2>Per\u00edodos de actividad<\/h2>\r\n        <\/div>\r\n        <div class=\"info-content\">\r\n          <p>Principalmente organizamos actividades durante los meses de verano, pero tambi\u00e9n organizamos actividades ben\u00e9ficas durante todo el a\u00f1o.<\/p>\r\n        <\/div>\r\n      <\/div>\r\n      \r\n      <div class=\"info-section\">\r\n        <div class=\"section-title\">\r\n          <i class=\"fas fa-money-bill-wave\"><\/i>\r\n          <h2>Gastos de viaje<\/h2>\r\n        <\/div>\r\n        <div class=\"info-content\">\r\n          <p>Los gastos de viaje correr\u00e1n a cargo del voluntario hasta su llegada al lugar de la actividad, al igual que sus gastos personales.<\/p>\r\n        <\/div>\r\n      <\/div>\r\n      \r\n      <div class=\"info-section\">\r\n        <div class=\"section-title\">\r\n          <i class=\"fas fa-mountain-sun\"><\/i>\r\n          <h2>Viajes de exploraci\u00f3n<\/h2>\r\n        <\/div>\r\n        <div class=\"info-content\">\r\n          <p>La asociaci\u00f3n organiza excursiones para que todos los voluntarios descubran la belleza del pa\u00eds y se familiaricen con su cultura.<\/p>\r\n          <p>Excursiones previstas:<\/p>\r\n          <ul class=\"bullet-list\">\r\n            <li>Una excursi\u00f3n inolvidable a las dunas del desierto de Merzouga.<\/li>\r\n            <li>Un recorrido encantador por los valles de Dad\u00e8s y Todgha.<\/li>\r\n            <li>Descubra la kasbah de Guelmim, reflejo del patrimonio cultural material de los amazigh en Marruecos.<\/li>\r\n            <li>Visite talleres de alfarer\u00eda.<\/li>\r\n            <li>Disfrutar de la puesta de sol en la cima de Asdram es una experiencia \u00fanica, en la que la belleza natural de la regi\u00f3n se funde con la rom\u00e1ntica atm\u00f3sfera del amanecer y el atardecer.<\/li>\r\n          <\/ul>\r\n        <\/div>\r\n      <\/div>\r\n      \r\n      <div class=\"info-section\">\r\n        <div class=\"section-title\">\r\n          <i class=\"fas fa-bed\"><\/i>\r\n          <h2>Alojamiento<\/h2>\r\n        <\/div>\r\n        <div class=\"info-content\">\r\n          <p>Los voluntarios se alojar\u00e1n en la sede de la asociaci\u00f3n, que est\u00e1 equipada a tal efecto y cumple los requisitos de alojamiento. Convivir\u00e1n durante la duraci\u00f3n del programa de actividades, inmersos en la vida cotidiana de los residentes locales para descubrir la riqueza y diversidad de su patrimonio cultural y civilizacional.<\/p>\r\n        <\/div>\r\n      <\/div>\r\n      \r\n      <div class=\"info-section\">\r\n        <div class=\"section-title\">\r\n          <i class=\"fas fa-circle-exclamation\"><\/i>\r\n          <h2>Atenci\u00f3n<\/h2>\r\n        <\/div>\r\n        <div class=\"info-content\">\r\n          <p>Cada voluntario deber\u00e1 estar cubierto por un seguro de viaje personal durante toda la duraci\u00f3n del programa de actividades. Por lo tanto, deber\u00e1 realizar los tr\u00e1mites necesarios para obtenerlo en su pa\u00eds de origen.<\/p>\r\n        <\/div>\r\n      <\/div>\r\n      \r\n      <div class=\"info-section\">\r\n        <div class=\"section-title\">\r\n          <i class=\"fas fa-handshake\"><\/i>\r\n          <h2>D\u00edas de introducci\u00f3n<\/h2>\r\n        <\/div>\r\n        <div class=\"info-content\">\r\n          <p>Los voluntarios ser\u00e1n recibidos en la sede de la asociaci\u00f3n y el primer d\u00eda del programa se dedicar\u00e1 a su presentaci\u00f3n. La asociaci\u00f3n informar\u00e1 a todos los voluntarios sobre el programa y explicar\u00e1 sus objetivos. Estos d\u00edas tambi\u00e9n ser\u00e1n una oportunidad para que los voluntarios se conozcan y visiten la ciudad y sus alrededores.<\/p>\r\n          <p>La Asociaci\u00f3n Al-Jisr para la Comunicaci\u00f3n y la Cooperaci\u00f3n Educativa se esfuerza por facilitar la organizaci\u00f3n de actividades a los voluntarios que estar\u00e1n en contacto con los miembros de la asociaci\u00f3n para ayudarles a viajar f\u00e1cilmente a la regi\u00f3n.<\/p>\r\n          <p>Viajar en grupo tiene muchas ventajas. Reduce costes, gracias a los descuentos que ofrecen las compa\u00f1\u00edas a\u00e9reas, las agencias de viajes y los operadores tur\u00edsticos cuando varias personas reservan juntas.<\/p>\r\n          <p>La asociaci\u00f3n prefiere acoger a voluntarios que formen parte de asociaciones, organizaciones o instituciones, pero esto no significa que los voluntarios que no pertenezcan a ninguna organizaci\u00f3n no tengan derecho a participar y beneficiarse de las actividades previstas. Cualquier persona que cumpla los requisitos puede participar.<\/p>\r\n        <\/div>\r\n      <\/div>\r\n      \r\n      <div class=\"info-section\">\r\n        <div class=\"section-title\">\r\n          <i class=\"fas fa-star\"><\/i>\r\n          <h2>Eventos paralelos<\/h2>\r\n        <\/div>\r\n        <div class=\"info-content\">\r\n          <p>A lo largo de su estancia y junto a sus actividades principales, los voluntarios podr\u00e1n disfrutar de actividades adicionales como explorar la ciudad y sus alrededores, ir de compras al mercado o dar paseos nocturnos. Tambi\u00e9n podr\u00e1n disfrutar de diversos juegos y actividades que animan la vida comunitaria.<\/p>\r\n        <\/div>\r\n      <\/div>\r\n      \r\n      <div class=\"info-section\">\r\n        <div class=\"section-title\">\r\n          <i class=\"fas fa-globe\"><\/i>\r\n          <h2>Cultura marroqu\u00ed<\/h2>\r\n        <\/div>\r\n        <div class=\"info-content\">\r\n          <p>La cultura marroqu\u00ed es rica y variada, caracterizada por su herencia ancestral y las diversas influencias que la han modelado a lo largo de los siglos.<\/p>\r\n          <p>Si los voluntarios desean aprender \u00e1rabe o amazigh, la asociaci\u00f3n organizar\u00e1 cursos de formaci\u00f3n presencial para ellos.<\/p>\r\n          <p>La cocina marroqu\u00ed es famosa por su diversidad y riqueza de sabores. Por ello, la asociaci\u00f3n organizar\u00e1 cursos especializados de cocina marroqu\u00ed para los voluntarios.<\/p>\r\n          <p>Dado que el estilo tradicional marroqu\u00ed es un arte antiguo y una tradici\u00f3n transmitida de generaci\u00f3n en generaci\u00f3n, que refleja la riqueza y diversidad de la cultura marroqu\u00ed, la asociaci\u00f3n tambi\u00e9n ofrecer\u00e1 cursos de formaci\u00f3n para ense\u00f1ar a los voluntarios el estilo tradicional marroqu\u00ed.<\/p>\r\n        <\/div>\r\n      <\/div>\r\n    <\/div>\r\n  <\/div>\r\n\r\n  <script>\r\n    \/\/ Add intersection observer for animations\r\n    document.addEventListener('DOMContentLoaded', function() {\r\n      const infoSections = document.querySelectorAll('.info-section');\r\n      \r\n      \/\/ Create intersection observer\r\n      const observer = new IntersectionObserver((entries) => {\r\n        entries.forEach(entry => {\r\n          if (entry.isIntersecting) {\r\n            entry.target.style.opacity = 1;\r\n            entry.target.style.transform = 'translateY(0)';\r\n            observer.unobserve(entry.target);\r\n          }\r\n        });\r\n      }, { threshold: 0.1 });\r\n      \r\n      \/\/ Set initial state and observe elements\r\n      infoSections.forEach(section => {\r\n        section.style.opacity = 0;\r\n        section.style.transform = 'translateY(20px)';\r\n        section.style.transition = 'opacity 0.6s ease, transform 0.6s ease';\r\n        observer.observe(section);\r\n      });\r\n    });\r\n  <\/script>\r\n<\/body>\r\n<\/html>\t\t\t\t<\/div>\n\t\t\t\t\t<\/div>\n\t\t\t\t<\/div>\n\t\t\t\t<\/div>","protected":false},"excerpt":{"rendered":"<p>Goulmima Information &#8211; Al Jisr Association Discover Goulmima &#038; Surrounding Region &#8230; <\/p>","protected":false},"author":1,"featured_media":0,"parent":0,"menu_order":0,"comment_status":"closed","ping_status":"closed","template":"elementor_header_footer","meta":{"footnotes":""},"class_list":["post-281","page","type-page","status-publish","hentry"],"_links":{"self":[{"href":"https:\/\/aljisrasso.com\/es\/wp-json\/wp\/v2\/pages\/281","targetHints":{"allow":["GET"]}}],"collection":[{"href":"https:\/\/aljisrasso.com\/es\/wp-json\/wp\/v2\/pages"}],"about":[{"href":"https:\/\/aljisrasso.com\/es\/wp-json\/wp\/v2\/types\/page"}],"author":[{"embeddable":true,"href":"https:\/\/aljisrasso.com\/es\/wp-json\/wp\/v2\/users\/1"}],"replies":[{"embeddable":true,"href":"https:\/\/aljisrasso.com\/es\/wp-json\/wp\/v2\/comments?post=281"}],"version-history":[{"count":7,"href":"https:\/\/aljisrasso.com\/es\/wp-json\/wp\/v2\/pages\/281\/revisions"}],"predecessor-version":[{"id":289,"href":"https:\/\/aljisrasso.com\/es\/wp-json\/wp\/v2\/pages\/281\/revisions\/289"}],"wp:attachment":[{"href":"https:\/\/aljisrasso.com\/es\/wp-json\/wp\/v2\/media?parent=281"}],"curies":[{"name":"wp","href":"https:\/\/api.w.org\/{rel}","templated":true}]}}