{"id":5200,"date":"2025-08-30T22:42:50","date_gmt":"2025-08-30T22:42:50","guid":{"rendered":"https:\/\/aljisrasso.com\/?page_id=5200"},"modified":"2025-08-30T22:45:10","modified_gmt":"2025-08-30T22:45:10","slug":"participative-solidarity-travel","status":"publish","type":"page","link":"https:\/\/aljisrasso.com\/es\/participative-solidarity-travel\/","title":{"rendered":"Viajes solidarios participativos"},"content":{"rendered":"<div data-elementor-type=\"wp-page\" data-elementor-id=\"5200\" class=\"elementor elementor-5200\" data-elementor-post-type=\"page\">\n\t\t\t\t<div class=\"elementor-element elementor-element-d2184a1 e-flex e-con-boxed e-con e-parent\" data-id=\"d2184a1\" data-element_type=\"container\" data-e-type=\"container\">\n\t\t\t\t\t<div class=\"e-con-inner\">\n\t\t\t\t<div class=\"elementor-element elementor-element-cdee184 elementor-widget elementor-widget-spacer\" data-id=\"cdee184\" data-element_type=\"widget\" data-e-type=\"widget\" data-widget_type=\"spacer.default\">\n\t\t\t\t\t\t\t<div class=\"elementor-spacer\">\n\t\t\t<div class=\"elementor-spacer-inner\"><\/div>\n\t\t<\/div>\n\t\t\t\t\t\t<\/div>\n\t\t\t\t\t<\/div>\n\t\t\t\t<\/div>\n\t\t<div class=\"elementor-element elementor-element-b1ca15c e-flex e-con-boxed e-con e-parent\" data-id=\"b1ca15c\" data-element_type=\"container\" data-e-type=\"container\">\n\t\t\t\t\t<div class=\"e-con-inner\">\n\t\t<div class=\"elementor-element elementor-element-beccbb8 e-con-full e-flex e-con e-child\" data-id=\"beccbb8\" data-element_type=\"container\" data-e-type=\"container\" data-settings=\"{&quot;background_background&quot;:&quot;classic&quot;}\">\n\t\t<div class=\"elementor-element elementor-element-16d090c e-con-full e-flex elementor-invisible e-con e-child\" data-id=\"16d090c\" data-element_type=\"container\" data-e-type=\"container\" data-settings=\"{&quot;animation&quot;:&quot;fadeInDown&quot;}\">\n\t\t\t\t<div class=\"elementor-element elementor-element-315bdf0 elementor-widget elementor-widget-heading\" data-id=\"315bdf0\" data-element_type=\"widget\" data-e-type=\"widget\" data-widget_type=\"heading.default\">\n\t\t\t\t\t<h2 class=\"elementor-heading-title elementor-size-default\">Viajes solidarios participativos<\/h2>\t\t\t\t<\/div>\n\t\t\t\t<div class=\"elementor-element elementor-element-d2d6342 elementor-widget-divider--view-line elementor-widget elementor-widget-divider\" data-id=\"d2d6342\" data-element_type=\"widget\" data-e-type=\"widget\" data-widget_type=\"divider.default\">\n\t\t\t\t\t\t\t<div class=\"elementor-divider\">\n\t\t\t<span class=\"elementor-divider-separator\">\n\t\t\t\t\t\t<\/span>\n\t\t<\/div>\n\t\t\t\t\t\t<\/div>\n\t\t\t\t<div class=\"elementor-element elementor-element-d6cf074 elementor-widget elementor-widget-text-editor\" data-id=\"d6cf074\" data-element_type=\"widget\" data-e-type=\"widget\" data-widget_type=\"text-editor.default\">\n\t\t\t\t\t\t\t\t\t<p>Como su nombre indica, estos viajes implican la participaci\u00f3n activa en un proyecto local de ayuda al desarrollo. Organizados en colaboraci\u00f3n con la asociaci\u00f3n Al-jisr para la comunicaci\u00f3n y la cooperaci\u00f3n educativa, te brindan la oportunidad de compartir la vida cotidiana del oasis de Ghriss. Te acoger\u00e1n, alimentar\u00e1n y alojar\u00e1n para que descubras la aut\u00e9ntica vida de sus habitantes. A cambio, dedicar\u00e1s tu tiempo a diversas tareas. Gracias a nuestra experiencia y a nuestros socios, puedes ir al lugar para participar en un proyecto de desarrollo local: eliges el tipo de misi\u00f3n que te conviene entre las que se ofrecen y participas durante unas horas al d\u00eda, compartiendo tus conocimientos y habilidades. Estar\u00e1s en contacto directo con la poblaci\u00f3n local, que participar\u00e1 activamente en los proyectos. Tambi\u00e9n dedicar\u00e1s parte de tu estancia a descubrir el pa\u00eds, con excursiones organizadas en peque\u00f1os grupos. Es un viaje en el que todo es solidaridad y trabajo en equipo.<\/p>\t\t\t\t\t\t\t\t<\/div>\n\t\t\t\t<\/div>\n\t\t\t\t<\/div>\n\t\t<div class=\"elementor-element elementor-element-ec2cb7c e-con-full e-flex elementor-invisible e-con e-child\" data-id=\"ec2cb7c\" data-element_type=\"container\" data-e-type=\"container\" data-settings=\"{&quot;background_background&quot;:&quot;classic&quot;,&quot;animation&quot;:&quot;fadeInRight&quot;}\">\n\t\t\t\t<\/div>\n\t\t\t\t\t<\/div>\n\t\t\t\t<\/div>\n\t\t\t\t<\/div>","protected":false},"excerpt":{"rendered":"<p>Participative solidarity travel As their name suggests, these trips involve active &#8230; <\/p>","protected":false},"author":1,"featured_media":0,"parent":0,"menu_order":0,"comment_status":"closed","ping_status":"closed","template":"elementor_header_footer","meta":{"footnotes":""},"class_list":["post-5200","page","type-page","status-publish","hentry"],"_links":{"self":[{"href":"https:\/\/aljisrasso.com\/es\/wp-json\/wp\/v2\/pages\/5200","targetHints":{"allow":["GET"]}}],"collection":[{"href":"https:\/\/aljisrasso.com\/es\/wp-json\/wp\/v2\/pages"}],"about":[{"href":"https:\/\/aljisrasso.com\/es\/wp-json\/wp\/v2\/types\/page"}],"author":[{"embeddable":true,"href":"https:\/\/aljisrasso.com\/es\/wp-json\/wp\/v2\/users\/1"}],"replies":[{"embeddable":true,"href":"https:\/\/aljisrasso.com\/es\/wp-json\/wp\/v2\/comments?post=5200"}],"version-history":[{"count":7,"href":"https:\/\/aljisrasso.com\/es\/wp-json\/wp\/v2\/pages\/5200\/revisions"}],"predecessor-version":[{"id":5207,"href":"https:\/\/aljisrasso.com\/es\/wp-json\/wp\/v2\/pages\/5200\/revisions\/5207"}],"wp:attachment":[{"href":"https:\/\/aljisrasso.com\/es\/wp-json\/wp\/v2\/media?parent=5200"}],"curies":[{"name":"wp","href":"https:\/\/api.w.org\/{rel}","templated":true}]}}