{"id":5213,"date":"2025-08-30T22:49:14","date_gmt":"2025-08-30T22:49:14","guid":{"rendered":"https:\/\/aljisrasso.com\/?page_id=5213"},"modified":"2025-08-30T22:55:18","modified_gmt":"2025-08-30T22:55:18","slug":"christmas-and-easter-solidarity-trip","status":"publish","type":"page","link":"https:\/\/aljisrasso.com\/es\/christmas-and-easter-solidarity-trip\/","title":{"rendered":"Viaje solidario de Navidad y Semana Santa"},"content":{"rendered":"<div data-elementor-type=\"wp-page\" data-elementor-id=\"5213\" class=\"elementor elementor-5213\" data-elementor-post-type=\"page\">\n\t\t\t\t<div class=\"elementor-element elementor-element-d2184a1 e-flex e-con-boxed e-con e-parent\" data-id=\"d2184a1\" data-element_type=\"container\" data-e-type=\"container\">\n\t\t\t\t\t<div class=\"e-con-inner\">\n\t\t\t\t<div class=\"elementor-element elementor-element-cdee184 elementor-widget elementor-widget-spacer\" data-id=\"cdee184\" data-element_type=\"widget\" data-e-type=\"widget\" data-widget_type=\"spacer.default\">\n\t\t\t\t\t\t\t<div class=\"elementor-spacer\">\n\t\t\t<div class=\"elementor-spacer-inner\"><\/div>\n\t\t<\/div>\n\t\t\t\t\t\t<\/div>\n\t\t\t\t\t<\/div>\n\t\t\t\t<\/div>\n\t\t<div class=\"elementor-element elementor-element-b1ca15c e-flex e-con-boxed e-con e-parent\" data-id=\"b1ca15c\" data-element_type=\"container\" data-e-type=\"container\">\n\t\t\t\t\t<div class=\"e-con-inner\">\n\t\t<div class=\"elementor-element elementor-element-beccbb8 e-con-full e-flex e-con e-child\" data-id=\"beccbb8\" data-element_type=\"container\" data-e-type=\"container\" data-settings=\"{&quot;background_background&quot;:&quot;classic&quot;}\">\n\t\t<div class=\"elementor-element elementor-element-16d090c e-con-full e-flex elementor-invisible e-con e-child\" data-id=\"16d090c\" data-element_type=\"container\" data-e-type=\"container\" data-settings=\"{&quot;animation&quot;:&quot;fadeInDown&quot;}\">\n\t\t\t\t<div class=\"elementor-element elementor-element-315bdf0 elementor-widget__width-initial elementor-widget elementor-widget-heading\" data-id=\"315bdf0\" data-element_type=\"widget\" data-e-type=\"widget\" data-widget_type=\"heading.default\">\n\t\t\t\t\t<h2 class=\"elementor-heading-title elementor-size-default\">Viaje solidario de Navidad y Semana Santa<\/h2>\t\t\t\t<\/div>\n\t\t\t\t<div class=\"elementor-element elementor-element-d2d6342 elementor-widget-divider--view-line elementor-widget elementor-widget-divider\" data-id=\"d2d6342\" data-element_type=\"widget\" data-e-type=\"widget\" data-widget_type=\"divider.default\">\n\t\t\t\t\t\t\t<div class=\"elementor-divider\">\n\t\t\t<span class=\"elementor-divider-separator\">\n\t\t\t\t\t\t<\/span>\n\t\t<\/div>\n\t\t\t\t\t\t<\/div>\n\t\t\t\t<div class=\"elementor-element elementor-element-d6cf074 elementor-widget elementor-widget-text-editor\" data-id=\"d6cf074\" data-element_type=\"widget\" data-e-type=\"widget\" data-widget_type=\"text-editor.default\">\n\t\t\t\t\t\t\t\t\t<p>La asociaci\u00f3n Al-Jisr de comunicaci\u00f3n y cooperaci\u00f3n educativa organiza actividades navide\u00f1as para llevar alegr\u00eda y consuelo a los ni\u00f1os desfavorecidos, hu\u00e9rfanos y sin hogar, ofreci\u00e9ndoles momentos de convivencia, aprendizaje y entretenimiento.<br \/>Su papel<br \/>Como voluntario, participar\u00e1s en diversas actividades educativas y l\u00fadicas: actividades recreativas, bailes, actividades creativas, juegos educativos, etc. Estos momentos especiales permitir\u00e1n a los ni\u00f1os florecer y sentirse integrados, como todos los dem\u00e1s ni\u00f1os.<br \/>Participar en este proyecto solidario significa :<br \/>- desarrollar valiosas competencias humanas y organizativas<br \/>- descubrir una nueva cultura y un modo de vida diferente<br \/>- vivir una experiencia \u00fanica y aut\u00e9ntica<br \/>- contribuir directamente a un proyecto de desarrollo local y solidaridad internacional.<\/p>\t\t\t\t\t\t\t\t<\/div>\n\t\t\t\t<\/div>\n\t\t\t\t<\/div>\n\t\t<div class=\"elementor-element elementor-element-ec2cb7c e-con-full e-flex elementor-invisible e-con e-child\" data-id=\"ec2cb7c\" data-element_type=\"container\" data-e-type=\"container\" data-settings=\"{&quot;background_background&quot;:&quot;classic&quot;,&quot;animation&quot;:&quot;fadeInRight&quot;}\">\n\t\t\t\t<\/div>\n\t\t\t\t\t<\/div>\n\t\t\t\t<\/div>\n\t\t\t\t<\/div>","protected":false},"excerpt":{"rendered":"<p>Christmas and Easter solidarity trip The Al-Jisr association for communication and &#8230; <\/p>","protected":false},"author":1,"featured_media":0,"parent":0,"menu_order":0,"comment_status":"closed","ping_status":"closed","template":"elementor_header_footer","meta":{"footnotes":""},"class_list":["post-5213","page","type-page","status-publish","hentry"],"_links":{"self":[{"href":"https:\/\/aljisrasso.com\/es\/wp-json\/wp\/v2\/pages\/5213","targetHints":{"allow":["GET"]}}],"collection":[{"href":"https:\/\/aljisrasso.com\/es\/wp-json\/wp\/v2\/pages"}],"about":[{"href":"https:\/\/aljisrasso.com\/es\/wp-json\/wp\/v2\/types\/page"}],"author":[{"embeddable":true,"href":"https:\/\/aljisrasso.com\/es\/wp-json\/wp\/v2\/users\/1"}],"replies":[{"embeddable":true,"href":"https:\/\/aljisrasso.com\/es\/wp-json\/wp\/v2\/comments?post=5213"}],"version-history":[{"count":7,"href":"https:\/\/aljisrasso.com\/es\/wp-json\/wp\/v2\/pages\/5213\/revisions"}],"predecessor-version":[{"id":5220,"href":"https:\/\/aljisrasso.com\/es\/wp-json\/wp\/v2\/pages\/5213\/revisions\/5220"}],"wp:attachment":[{"href":"https:\/\/aljisrasso.com\/es\/wp-json\/wp\/v2\/media?parent=5213"}],"curies":[{"name":"wp","href":"https:\/\/api.w.org\/{rel}","templated":true}]}}