{"id":5200,"date":"2025-08-30T22:42:50","date_gmt":"2025-08-30T22:42:50","guid":{"rendered":"https:\/\/aljisrasso.com\/?page_id=5200"},"modified":"2025-08-30T22:45:10","modified_gmt":"2025-08-30T22:45:10","slug":"participative-solidarity-travel","status":"publish","type":"page","link":"https:\/\/aljisrasso.com\/fr\/participative-solidarity-travel\/","title":{"rendered":"Voyages solidaires participatifs"},"content":{"rendered":"<div data-elementor-type=\"wp-page\" data-elementor-id=\"5200\" class=\"elementor elementor-5200\" data-elementor-post-type=\"page\">\n\t\t\t\t<div class=\"elementor-element elementor-element-d2184a1 e-flex e-con-boxed e-con e-parent\" data-id=\"d2184a1\" data-element_type=\"container\" data-e-type=\"container\">\n\t\t\t\t\t<div class=\"e-con-inner\">\n\t\t\t\t<div class=\"elementor-element elementor-element-cdee184 elementor-widget elementor-widget-spacer\" data-id=\"cdee184\" data-element_type=\"widget\" data-e-type=\"widget\" data-widget_type=\"spacer.default\">\n\t\t\t\t\t\t\t<div class=\"elementor-spacer\">\n\t\t\t<div class=\"elementor-spacer-inner\"><\/div>\n\t\t<\/div>\n\t\t\t\t\t\t<\/div>\n\t\t\t\t\t<\/div>\n\t\t\t\t<\/div>\n\t\t<div class=\"elementor-element elementor-element-b1ca15c e-flex e-con-boxed e-con e-parent\" data-id=\"b1ca15c\" data-element_type=\"container\" data-e-type=\"container\">\n\t\t\t\t\t<div class=\"e-con-inner\">\n\t\t<div class=\"elementor-element elementor-element-beccbb8 e-con-full e-flex e-con e-child\" data-id=\"beccbb8\" data-element_type=\"container\" data-e-type=\"container\" data-settings=\"{&quot;background_background&quot;:&quot;classic&quot;}\">\n\t\t<div class=\"elementor-element elementor-element-16d090c e-con-full e-flex elementor-invisible e-con e-child\" data-id=\"16d090c\" data-element_type=\"container\" data-e-type=\"container\" data-settings=\"{&quot;animation&quot;:&quot;fadeInDown&quot;}\">\n\t\t\t\t<div class=\"elementor-element elementor-element-315bdf0 elementor-widget elementor-widget-heading\" data-id=\"315bdf0\" data-element_type=\"widget\" data-e-type=\"widget\" data-widget_type=\"heading.default\">\n\t\t\t\t\t<h2 class=\"elementor-heading-title elementor-size-default\">Voyages solidaires participatifs<\/h2>\t\t\t\t<\/div>\n\t\t\t\t<div class=\"elementor-element elementor-element-d2d6342 elementor-widget-divider--view-line elementor-widget elementor-widget-divider\" data-id=\"d2d6342\" data-element_type=\"widget\" data-e-type=\"widget\" data-widget_type=\"divider.default\">\n\t\t\t\t\t\t\t<div class=\"elementor-divider\">\n\t\t\t<span class=\"elementor-divider-separator\">\n\t\t\t\t\t\t<\/span>\n\t\t<\/div>\n\t\t\t\t\t\t<\/div>\n\t\t\t\t<div class=\"elementor-element elementor-element-d6cf074 elementor-widget elementor-widget-text-editor\" data-id=\"d6cf074\" data-element_type=\"widget\" data-e-type=\"widget\" data-widget_type=\"text-editor.default\">\n\t\t\t\t\t\t\t\t\t<p>Comme leur nom l'indique, ces voyages impliquent une participation active \u00e0 un projet local d'aide au d\u00e9veloppement. Organis\u00e9s en partenariat avec l'association Al-jisr pour la communication et la coop\u00e9ration \u00e9ducative, ils vous permettent de partager le quotidien de l'oasis de Ghriss. Accueillis, nourris et log\u00e9s, vous d\u00e9couvrez la vie authentique de ses habitants. En contrepartie, vous consacrez votre temps \u00e0 diverses t\u00e2ches. Gr\u00e2ce \u00e0 notre exp\u00e9rience et \u00e0 nos partenaires, vous pouvez vous rendre sur place pour participer \u00e0 un projet de d\u00e9veloppement local : vous choisissez le type de mission qui vous convient parmi celles propos\u00e9es et y participez quelques heures par jour, en partageant vos connaissances et vos comp\u00e9tences. Vous serez en contact direct avec la population locale, qui participera activement aux projets. Une partie de votre s\u00e9jour sera \u00e9galement consacr\u00e9e \u00e0 la d\u00e9couverte du pays, avec des excursions organis\u00e9es en petits groupes. Un voyage plac\u00e9 sous le signe de la solidarit\u00e9 et du travail d'\u00e9quipe.<\/p>\t\t\t\t\t\t\t\t<\/div>\n\t\t\t\t<\/div>\n\t\t\t\t<\/div>\n\t\t<div class=\"elementor-element elementor-element-ec2cb7c e-con-full e-flex elementor-invisible e-con e-child\" data-id=\"ec2cb7c\" data-element_type=\"container\" data-e-type=\"container\" data-settings=\"{&quot;background_background&quot;:&quot;classic&quot;,&quot;animation&quot;:&quot;fadeInRight&quot;}\">\n\t\t\t\t<\/div>\n\t\t\t\t\t<\/div>\n\t\t\t\t<\/div>\n\t\t\t\t<\/div>","protected":false},"excerpt":{"rendered":"<p>Participative solidarity travel As their name suggests, these trips involve active &#8230; <\/p>","protected":false},"author":1,"featured_media":0,"parent":0,"menu_order":0,"comment_status":"closed","ping_status":"closed","template":"elementor_header_footer","meta":{"footnotes":""},"class_list":["post-5200","page","type-page","status-publish","hentry"],"_links":{"self":[{"href":"https:\/\/aljisrasso.com\/fr\/wp-json\/wp\/v2\/pages\/5200","targetHints":{"allow":["GET"]}}],"collection":[{"href":"https:\/\/aljisrasso.com\/fr\/wp-json\/wp\/v2\/pages"}],"about":[{"href":"https:\/\/aljisrasso.com\/fr\/wp-json\/wp\/v2\/types\/page"}],"author":[{"embeddable":true,"href":"https:\/\/aljisrasso.com\/fr\/wp-json\/wp\/v2\/users\/1"}],"replies":[{"embeddable":true,"href":"https:\/\/aljisrasso.com\/fr\/wp-json\/wp\/v2\/comments?post=5200"}],"version-history":[{"count":7,"href":"https:\/\/aljisrasso.com\/fr\/wp-json\/wp\/v2\/pages\/5200\/revisions"}],"predecessor-version":[{"id":5207,"href":"https:\/\/aljisrasso.com\/fr\/wp-json\/wp\/v2\/pages\/5200\/revisions\/5207"}],"wp:attachment":[{"href":"https:\/\/aljisrasso.com\/fr\/wp-json\/wp\/v2\/media?parent=5200"}],"curies":[{"name":"wp","href":"https:\/\/api.w.org\/{rel}","templated":true}]}}