{"id":281,"date":"2025-08-27T10:59:36","date_gmt":"2025-08-27T10:59:36","guid":{"rendered":"https:\/\/aljisrasso.com\/?page_id=281"},"modified":"2025-08-27T11:20:01","modified_gmt":"2025-08-27T11:20:01","slug":"information","status":"publish","type":"page","link":"https:\/\/aljisrasso.com\/it\/information\/","title":{"rendered":"Informazioni"},"content":{"rendered":"<div data-elementor-type=\"wp-page\" data-elementor-id=\"281\" class=\"elementor elementor-281\" data-elementor-post-type=\"page\">\n\t\t\t\t<div class=\"elementor-element elementor-element-51b43e8 e-flex e-con-boxed e-con e-parent\" data-id=\"51b43e8\" data-element_type=\"container\" data-e-type=\"container\">\n\t\t\t\t\t<div class=\"e-con-inner\">\n\t\t\t\t<div class=\"elementor-element elementor-element-e624b70 elementor-widget elementor-widget-html\" data-id=\"e624b70\" data-element_type=\"widget\" data-e-type=\"widget\" data-widget_type=\"html.default\">\n\t\t\t\t\t<!DOCTYPE html>\r\n<html lang=\"en\">\r\n<head>\r\n  <meta charset=\"UTF-8\">\r\n  <meta name=\"viewport\" content=\"width=device-width, initial-scale=1.0\">\r\n  <title>Goulmima Information - Al Jisr Association<\/title>\r\n  <link href=\"https:\/\/fonts.googleapis.com\/css2?family=Inter:wght@300;400;500;600;700&display=swap\" rel=\"stylesheet\">\r\n  <link rel=\"stylesheet\" href=\"https:\/\/cdnjs.cloudflare.com\/ajax\/libs\/font-awesome\/6.0.0\/css\/all.min.css\">\r\n  <style>\r\n    :root {\r\n      --primary: #093a65;\r\n      --primary-light: #3a78d6;\r\n      --secondary: #e30613;\r\n      --accent: #437d43;\r\n      --accent-light: #6da46d;\r\n      --dark: #1e293b;\r\n      --gray: #64748b;\r\n      --light-gray: #e2e8f0;\r\n      --white: #ffffff;\r\n      --bg-color: #f8fafc;\r\n      --card-shadow: 0 5px 15px rgba(0, 0, 0, 0.08);\r\n      --hover-shadow: 0 10px 25px rgba(0, 0, 0, 0.12);\r\n    }\r\n    \r\n    * {\r\n      margin: 0;\r\n      padding: 0;\r\n      \r\n    }\r\n    \r\n    body {\r\n      font-family: 'Inter', sans-serif;\r\n      \r\n    }\r\n    \r\n    .container {\r\n      max-width: 1400px;\r\n      margin: 60px auto;\r\n     \r\n    }\r\n    \r\n    .header {\r\n      text-align: center;\r\n      margin-bottom: 50px;\r\n    }\r\n    \r\n    .header h4 {\r\n      color: var(--secondary);\r\n      margin: 0 0 12px 0;\r\n      font-size: 16px;\r\n      font-weight: 600;\r\n      letter-spacing: 1.5px;\r\n      text-transform: uppercase;\r\n    }\r\n    \r\n    .header h1 {\r\n      margin: 0 0 20px 0;\r\n      font-size: 2.8rem;\r\n      font-weight: 700;\r\n      line-height: 1.2;\r\n      color: var(--primary);\r\n      position: relative;\r\n      display: inline-block;\r\n    }\r\n    \r\n    .header h1:after {\r\n      content: '';\r\n      position: absolute;\r\n      bottom: -15px;\r\n      left: 50%;\r\n      transform: translateX(-50%);\r\n      width: 80px;\r\n      height: 4px;\r\n      background: linear-gradient(to right, var(--secondary), var(--primary));\r\n      border-radius: 2px;\r\n    }\r\n    \r\n    .content-grid {\r\n      display: grid;\r\n      grid-template-columns: 1fr;\r\n      gap: 40px;\r\n    }\r\n    \r\n    .info-section {\r\n      padding: 40px;\r\n      border-radius: 16px;\r\n      box-shadow: var(--card-shadow);\r\n      transition: all 0.3s ease;\r\n      position: relative;\r\n      overflow: hidden;\r\n    }\r\n    \r\n    .info-section:hover {\r\n      transform: translateY(-5px);\r\n      box-shadow: var(--hover-shadow);\r\n    }\r\n    \r\n    .info-section:before {\r\n      content: '';\r\n      position: absolute;\r\n      top: 0;\r\n      left: 0;\r\n      width: 5px;\r\n      height: 100%;\r\n      border-radius: 16px 0 0 16px;\r\n    }\r\n    \r\n    \/* Different background colors for each container *\/\r\n    .info-section:nth-child(1) {\r\n      background: linear-gradient(135deg, #e6f7ff 0%, #c6e6ff 100%);\r\n    }\r\n    .info-section:nth-child(1):before {\r\n      background: linear-gradient(to bottom, #3a78d6, #093a65);\r\n    }\r\n    \r\n    .info-section:nth-child(2) {\r\n      background: linear-gradient(135deg, #fff2e6 0%, #ffe6cc 100%);\r\n    }\r\n    .info-section:nth-child(2):before {\r\n      background: linear-gradient(to bottom, #ff9933, #cc6600);\r\n    }\r\n    \r\n    .info-section:nth-child(3) {\r\n      background: linear-gradient(135deg, #e6ffe6 0%, #ccffcc 100%);\r\n    }\r\n    .info-section:nth-child(3):before {\r\n      background: linear-gradient(to bottom, #33cc33, #009900);\r\n    }\r\n    \r\n    .info-section:nth-child(4) {\r\n      background: linear-gradient(135deg, #ffe6f2 0%, #ffcce6 100%);\r\n    }\r\n    .info-section:nth-child(4):before {\r\n      background: linear-gradient(to bottom, #ff66b2, #cc0066);\r\n    }\r\n    \r\n    .info-section:nth-child(5) {\r\n      background: linear-gradient(135deg, #f0e6ff 0%, #e0ccff 100%);\r\n    }\r\n    .info-section:nth-child(5):before {\r\n      background: linear-gradient(to bottom, #9933ff, #6600cc);\r\n    }\r\n    \r\n    .info-section:nth-child(6) {\r\n      background: linear-gradient(135deg, #e6f0ff 0%, #cce0ff 100%);\r\n    }\r\n    .info-section:nth-child(6):before {\r\n      background: linear-gradient(to bottom, #3366ff, #0033cc);\r\n    }\r\n    \r\n    .info-section:nth-child(7) {\r\n      background: linear-gradient(135deg, #fff0e6 0%, #ffe0cc 100%);\r\n    }\r\n    .info-section:nth-child(7):before {\r\n      background: linear-gradient(to bottom, #ff6600, #cc3300);\r\n    }\r\n    \r\n    .info-section:nth-child(8) {\r\n      background: linear-gradient(135deg, #e6fffb 0%, #ccfff5 100%);\r\n    }\r\n    .info-section:nth-child(8):before {\r\n      background: linear-gradient(to bottom, #00cc99, #009973);\r\n    }\r\n    \r\n    .info-section:nth-child(9) {\r\n      background: linear-gradient(135deg, #ffe6e6 0%, #ffcccc 100%);\r\n    }\r\n    .info-section:nth-child(9):before {\r\n      background: linear-gradient(to bottom, #ff3333, #cc0000);\r\n    }\r\n    \r\n    .info-section:nth-child(10) {\r\n      background: linear-gradient(135deg, #f9e6ff 0%, #f2ccff 100%);\r\n    }\r\n    .info-section:nth-child(10):before {\r\n      background: linear-gradient(to bottom, #cc33ff, #9900cc);\r\n    }\r\n    \r\n    .info-section:nth-child(11) {\r\n      background: linear-gradient(135deg, #e6f9ff 0%, #ccf2ff 100%);\r\n    }\r\n    .info-section:nth-child(11):before {\r\n      background: linear-gradient(to bottom, #33ccff, #0099cc);\r\n    }\r\n    \r\n    .info-section:nth-child(12) {\r\n      background: linear-gradient(135deg, #fffae6 0%, #fff5cc 100%);\r\n    }\r\n    .info-section:nth-child(12):before {\r\n      background: linear-gradient(to bottom, #ffcc00, #cc9900);\r\n    }\r\n    \r\n    .info-section:nth-child(13) {\r\n      background: linear-gradient(135deg, #e6ffe6 0%, #ccffcc 100%);\r\n    }\r\n    .info-section:nth-child(13):before {\r\n      background: linear-gradient(to bottom, #66ff66, #00cc00);\r\n    }\r\n    \r\n    .info-section:nth-child(14) {\r\n      background: linear-gradient(135deg, #ffe6f9 0%, #ffccf2 100%);\r\n    }\r\n    .info-section:nth-child(14):before {\r\n      background: linear-gradient(to bottom, #ff66cc, #cc0099);\r\n    }\r\n    \r\n    .section-title {\r\n      display: flex;\r\n      align-items: center;\r\n      gap: 15px;\r\n      margin-bottom: 25px;\r\n      color: var(--primary);\r\n    }\r\n    \r\n    .section-title i {\r\n      background: rgba(255, 255, 255, 0.2);\r\n      width: 50px;\r\n      height: 50px;\r\n      display: flex;\r\n      align-items: center;\r\n      justify-content: center;\r\n      border-radius: 50%;\r\n      color: var(--primary);\r\n      backdrop-filter: blur(5px);\r\n      border: 1px solid rgba(255, 255, 255, 0.3);\r\n    }\r\n    \r\n    .section-title h2 {\r\n      font-size: 1.8rem;\r\n      font-weight: 600;\r\n    }\r\n    \r\n    .info-content p {\r\n      color: var(--dark);\r\n      line-height: 1.8;\r\n      margin-bottom: 20px;\r\n      font-size: 1.05rem;\r\n    }\r\n    \r\n    .note-box {\r\n      background: rgba(255, 255, 255, 0.5);\r\n      padding: 20px;\r\n      border-radius: 12px;\r\n      margin: 25px 0;\r\n      border-left: 4px solid var(--primary);\r\n      backdrop-filter: blur(5px);\r\n    }\r\n    \r\n    .note-box p {\r\n      color: var(--dark);\r\n      margin-bottom: 0;\r\n      font-weight: 500;\r\n    }\r\n    \r\n    .bullet-list {\r\n      list-style-type: none;\r\n      margin: 20px 0;\r\n    }\r\n    \r\n    .bullet-list li {\r\n      margin-bottom: 12px;\r\n      padding-left: 30px;\r\n      position: relative;\r\n      color: var(--dark);\r\n    }\r\n    \r\n    .bullet-list li:before {\r\n      content: '\u2022';\r\n      color: var(--primary);\r\n      font-weight: bold;\r\n      position: absolute;\r\n      left: 0;\r\n      font-size: 1.5rem;\r\n    }\r\n    \r\n    @media (max-width: 1024px) {\r\n      .container {\r\n        margin: 50px auto;\r\n      }\r\n      \r\n      .header h1 {\r\n        font-size: 2.4rem;\r\n      }\r\n      \r\n      .info-section {\r\n        padding: 30px;\r\n      }\r\n      \r\n      .section-title h2 {\r\n        font-size: 1.6rem;\r\n      }\r\n    }\r\n    \r\n    @media (max-width: 768px) {\r\n      .container {\r\n        margin: 40px auto;\r\n        padding: 0 15px;\r\n      }\r\n      \r\n      .header {\r\n        margin-bottom: 40px;\r\n      }\r\n      \r\n      .header h1 {\r\n        font-size: 2rem;\r\n      }\r\n      \r\n      .info-section {\r\n        padding: 25px 20px 25px 25px;\r\n      }\r\n      \r\n      .section-title {\r\n        flex-direction: column;\r\n        align-items: flex-start;\r\n        gap: 10px;\r\n      }\r\n      \r\n      .section-title h2 {\r\n        font-size: 1.4rem;\r\n      }\r\n      \r\n      .section-title i {\r\n        width: 40px;\r\n        height: 40px;\r\n      }\r\n    }\r\n  <\/style>\r\n<\/head>\r\n<body>\r\n  <div class=\"container\">\r\n    <div class=\"header\">\r\n      <h4>Scoprire<\/h4>\r\n      <h1>Goulmima e dintorni<\/h1>\r\n    <\/div>\r\n    \r\n    <div class=\"content-grid\">\r\n      <div class=\"info-section\">\r\n        <div class=\"section-title\">\r\n          <i class=\"fas fa-city\"><\/i>\r\n          <h2>Informazioni<\/h2>\r\n        <\/div>\r\n        <div class=\"info-content\">\r\n          <p>Goulmima (in arabo: \u0763\u0644\u0645\u064a\u0645\u0629) \u00e8 una citt\u00e0 del Marocco situata nella provincia dell'Errachidia, nella regione del Dr\u00e2a-Tafilalet, nella pianura tra l'Alto Atlante e l'Anti Atlante.<\/p>\r\n          <p>Goumima \u00e8 una citt\u00e0 regionale di medie dimensioni, un'oasi agricola famosa per la coltivazione di datteri e olive, alimentata dal Wadi Gheris proveniente dalle montagne dell'Alto Atlante centrale. Come altri insediamenti del Tafilalet, \u00e8 stata costruita come villaggio fortificato o ksar. Uno dei pi\u00f9 importanti (Ksar Goulmima).<\/p>\r\n          <p>Gli Amazigh sono gli abitanti indigeni della regione e la loro lingua madre \u00e8 l'Amazigh, ma parlano anche altre lingue come l'arabo, il francese e l'inglese.<\/p>\r\n        <\/div>\r\n      <\/div>\r\n      \r\n      <div class=\"info-section\">\r\n        <div class=\"section-title\">\r\n          <i class=\"fas fa-cloud-sun\"><\/i>\r\n          <h2>Il clima<\/h2>\r\n        <\/div>\r\n        <div class=\"info-content\">\r\n          <p>La citt\u00e0 di Goulmima beneficia di un clima semidesertico caratterizzato da inverni freddi ed estati calde, con temperature che a volte scendono a 0 gradi, con un contrasto tra il giorno e la notte, e a volte salgono a 40 gradi in luglio, mentre il clima in autunno e primavera \u00e8 mite con una temperatura media di 25 gradi. Le notti e le serate estive a Goulmima e dintorni sono molto piacevoli e i visitatori possono godersi l'atmosfera delle celebrazioni di matrimoni in uno dei quartieri o villaggi vicini.<\/p>\r\n          <p>Durante l'estate, le piscine pubbliche e private rimangono una delle mete preferite da residenti e visitatori per rilassarsi, nuotare e godersi l'acqua rinfrescante.<\/p>\r\n        <\/div>\r\n      <\/div>\r\n      \r\n      <div class=\"info-section\">\r\n        <div class=\"section-title\">\r\n          <i class=\"fas fa-hospital\"><\/i>\r\n          <h2>Servizi sanitari<\/h2>\r\n        <\/div>\r\n        <div class=\"info-content\">\r\n          <p>Goulmima dispone di numerosi centri sanitari che contribuiscono a fornire servizi medici di base alla popolazione. Queste strutture comprendono un ospedale pubblico (1), diversi centri sanitari e una serie di cliniche private che forniscono assistenza primaria e secondaria.<\/p>\r\n          <p>Nell'ambito dello sviluppo di un'infrastruttura sanitaria multidisciplinare secondo i pi\u00f9 alti standard internazionali, la clinica privata AKDITAL International \u00e8 stata aperta a Errachedia (60 chilometri da Goulmima) per fornire alla popolazione della regione di Draa Tafilalt attrezzature all'avanguardia per trattare tutte le patologie, dalle pi\u00f9 semplici alle pi\u00f9 complesse. Questa vicinanza consente alla popolazione locale di accedere facilmente a cure di qualit\u00e0, senza doversi recare nelle grandi citt\u00e0 per usufruire di servizi medici avanzati.<\/p>\r\n        <\/div>\r\n      <\/div>\r\n      \r\n      <div class=\"info-section\">\r\n        <div class=\"section-title\">\r\n          <i class=\"fas fa-people-group\"><\/i>\r\n          <h2>Cultura e valori della comunit\u00e0<\/h2>\r\n        <\/div>\r\n        <div class=\"info-content\">\r\n          <p>La cultura della comunit\u00e0 amazigh nella regione di Goulmima \u00e8 ricca e diversificata, basata su valori forti tramandati di generazione in generazione e caratterizzata dalla flessibilit\u00e0 nell'adattarsi ai cambiamenti storici e sociali. La cultura amazigh nella regione \u00e8 caratterizzata dalla presenza della lingua amazigh, che \u00e8 un elemento essenziale dell'identit\u00e0 culturale, oltre che da tradizioni come le celebrazioni collettive, la musica, la danza, i racconti popolari, le arti decorative e l'artigianato.<\/p>\r\n          <p>La celebrazione dell'anno amazigh, che segna l'inizio del nuovo anno nel calendario amazigh, \u00e8 una delle manifestazioni pi\u00f9 importanti di questo legame.<\/p>\r\n          <p>La memoria locale di Kalma conserva ancora alcuni aspetti della celebrazione ebraica dell'Ashoura, come parte di quello che \u00e8 noto come il rituale \"Odin Nishor\", o in arabo semplice \"Ebrei dell'Ashoura\", un rituale organizzato ogni anno in occasione del giorno sacro dell'Ashoura; un rituale rappresentativo lasciato dagli ebrei che vivono nelle oasi di Ghris_Goulmima, Ferkla_Tinejdad, Toudgha_Tinghir e altre regioni, dove i celebranti indossano maschere spaventose e suggestive per commemorare questo giorno storico.<\/p>\r\n          <p>La comunit\u00e0 amazigh \u00e8 caratterizzata dal desiderio di preservare il proprio patrimonio culturale, in particolare i racconti, i proverbi, gli indovinelli, le poesie e il tipo di abbigliamento indossato dalle donne, che sono considerati simboli di identit\u00e0 culturale da preservare.<\/p>\r\n          <p>Non appena si attraversa il sud-est del Regno, si nota l'abito nero con diversi simboli e colori indossato dalle donne. Questo indumento, conosciuto localmente come \"Tahrouyte\", non \u00e8 solo un indumento, ma un simbolo culturale che caratterizza il sud-est e conserva il carattere unico di questa regione.<\/p>\r\n          <p>L'arte dell'ahidous \u00e8 una delle arti popolari pi\u00f9 importanti della cultura amazigh, in particolare nelle regioni sudorientali del Marocco. L'ahidous \u00e8 conosciuto come una delle arti collettive del canto e della danza amazigh, perch\u00e9 \u00e8 stato associato fin dalla sua comparsa nell'ambiente naturale e geografico con l'uomo amazigh, un'arte che non \u00e8 stata influenzata da molti cambiamenti ed \u00e8 rimasta incrollabile come lo era fin dalla sua comparsa.<\/p>\r\n        <\/div>\r\n      <\/div>\r\n      \r\n      <div class=\"info-section\">\r\n        <div class=\"section-title\">\r\n          <i class=\"fas fa-bus\"><\/i>\r\n          <h2>Trasporti e comunicazioni per gli stranieri<\/h2>\r\n        <\/div>\r\n        <div class=\"info-content\">\r\n          <p>Per arrivare a Goulmima, gli stranieri possono utilizzare diversi mezzi di trasporto, tra cui quelli pubblici come aerei, autobus e taxi, e quelli privati come le auto a noleggio. Sono inoltre disponibili servizi di trasporto turistico specializzati per facilitare gli spostamenti tra le diverse citt\u00e0 e i siti turistici.<\/p>\r\n          <p>I trasporti pubblici in Marocco sono sicuri e comodi per i viaggiatori stranieri, tre voli settimanali collegano l'aeroporto di Marrakech Menara con l'aeroporto di Errachidia Moulay Ali Cherif, a circa sessanta chilometri dalla citt\u00e0 di Goulmima. Questi voli sono diretti e durano circa un'ora. Un altro volo prevede uno scalo all'aeroporto internazionale Mohammed V di Casablanca.<\/p>\r\n          <div class=\"note-box\">\r\n            <p>Si prega di notare che queste informazioni si basano sull'attuale orario dei voli e sono soggette a modifiche. \u00c8 possibile consultare Wego, Almosafer o Skyscanner per le ultime informazioni sulla disponibilit\u00e0 dei voli.<\/p>\r\n          <\/div>\r\n          <p>Diverse compagnie di autobus offrono viaggi da Marrakech a Goulmima. Il viaggio dura circa 8 ore e i biglietti costano tra i 200 e i 250 dirham marocchini. I biglietti possono essere acquistati presso le stazioni degli autobus o online.<\/p>\r\n          <p>Le migliori compagnie di autobus che offrono viaggi da Marrakech a Goulmima sono la Compagnia marocchina dei trasporti (CTM) e gli autobus Supratour.<\/p>\r\n          <p>Orari degli autobus :<\/p>\r\n          <p>Ci sono molte corse al giorno, comprese quelle notturne. \u00c8 possibile verificare gli orari online o contattando le compagnie citate.<\/p>\r\n        <\/div>\r\n      <\/div>\r\n      \r\n      <div class=\"info-section\">\r\n        <div class=\"section-title\">\r\n          <i class=\"fas fa-calendar-days\"><\/i>\r\n          <h2>Periodi di attivit\u00e0<\/h2>\r\n        <\/div>\r\n        <div class=\"info-content\">\r\n          <p>Organizziamo principalmente attivit\u00e0 durante i mesi estivi, ma anche attivit\u00e0 di beneficenza durante tutto l'anno.<\/p>\r\n        <\/div>\r\n      <\/div>\r\n      \r\n      <div class=\"info-section\">\r\n        <div class=\"section-title\">\r\n          <i class=\"fas fa-money-bill-wave\"><\/i>\r\n          <h2>Spese di viaggio<\/h2>\r\n        <\/div>\r\n        <div class=\"info-content\">\r\n          <p>Le spese di viaggio saranno a carico del volontario fino all'arrivo nel luogo dell'attivit\u00e0, cos\u00ec come le spese personali.<\/p>\r\n        <\/div>\r\n      <\/div>\r\n      \r\n      <div class=\"info-section\">\r\n        <div class=\"section-title\">\r\n          <i class=\"fas fa-mountain-sun\"><\/i>\r\n          <h2>Viaggi di esplorazione<\/h2>\r\n        <\/div>\r\n        <div class=\"info-content\">\r\n          <p>L'associazione organizza escursioni per permettere a tutti i volontari di scoprire le bellezze del Paese e di familiarizzare con la sua cultura.<\/p>\r\n          <p>Escursioni previste:<\/p>\r\n          <ul class=\"bullet-list\">\r\n            <li>Un'escursione indimenticabile tra le dune del deserto di Merzouga.<\/li>\r\n            <li>Un incantevole tour delle valli del Dad\u00e8s e del Todgha.<\/li>\r\n            <li>Scoprite la kasbah di Guelmim, che riflette il patrimonio culturale materiale degli Amazighs in Marocco.<\/li>\r\n            <li>Visitare i laboratori di ceramica.<\/li>\r\n            <li>Godetevi il tramonto in cima all'Asdram come un'esperienza unica, in cui la bellezza naturale della regione si fonde con l'atmosfera romantica dell'alba e del tramonto.<\/li>\r\n          <\/ul>\r\n        <\/div>\r\n      <\/div>\r\n      \r\n      <div class=\"info-section\">\r\n        <div class=\"section-title\">\r\n          <i class=\"fas fa-bed\"><\/i>\r\n          <h2>Sistemazione<\/h2>\r\n        <\/div>\r\n        <div class=\"info-content\">\r\n          <p>I volontari saranno ospitati presso la sede dell'associazione, che \u00e8 attrezzata a questo scopo e risponde alle esigenze di alloggio. Vivranno insieme per tutta la durata del programma di attivit\u00e0, immersi nella vita quotidiana dei residenti locali per scoprire la ricchezza e la diversit\u00e0 del loro patrimonio culturale e civile.<\/p>\r\n        <\/div>\r\n      <\/div>\r\n      \r\n      <div class=\"info-section\">\r\n        <div class=\"section-title\">\r\n          <i class=\"fas fa-circle-exclamation\"><\/i>\r\n          <h2>Nota bene<\/h2>\r\n        <\/div>\r\n        <div class=\"info-content\">\r\n          <p>Ogni volontario deve essere coperto da un'assicurazione di viaggio personale per tutta la durata del programma di attivit\u00e0. Pertanto, deve prendere le disposizioni necessarie per ottenerla nel proprio Paese d'origine.<\/p>\r\n        <\/div>\r\n      <\/div>\r\n      \r\n      <div class=\"info-section\">\r\n        <div class=\"section-title\">\r\n          <i class=\"fas fa-handshake\"><\/i>\r\n          <h2>I giorni introduttivi<\/h2>\r\n        <\/div>\r\n        <div class=\"info-content\">\r\n          <p>I volontari saranno accolti nella sede dell'associazione e il primo giorno del programma sar\u00e0 dedicato alla sua presentazione. L'associazione informer\u00e0 tutti i volontari sul programma e ne illustrer\u00e0 gli obiettivi. Questi giorni saranno anche l'occasione per i volontari di conoscersi e visitare la citt\u00e0 e i suoi dintorni.<\/p>\r\n          <p>L'Associazione Al-Jisr per la comunicazione e la cooperazione educativa si sforza di facilitare l'organizzazione di attivit\u00e0 per i volontari che saranno in contatto con i membri dell'associazione, al fine di aiutarli a viaggiare facilmente nella regione.<\/p>\r\n          <p>Viaggiare in gruppo ha molti vantaggi. Riduce i costi, grazie agli sconti offerti da compagnie aeree, agenzie di viaggio e tour operator quando pi\u00f9 persone prenotano insieme.<\/p>\r\n          <p>L'associazione preferisce accogliere volontari che fanno parte di associazioni, organizzazioni o istituzioni, ma questo non significa che i volontari che non appartengono ad alcuna organizzazione non abbiano diritto a partecipare e a beneficiare delle attivit\u00e0 previste. Chiunque soddisfi i requisiti richiesti pu\u00f2 partecipare.<\/p>\r\n        <\/div>\r\n      <\/div>\r\n      \r\n      <div class=\"info-section\">\r\n        <div class=\"section-title\">\r\n          <i class=\"fas fa-star\"><\/i>\r\n          <h2>Eventi collaterali<\/h2>\r\n        <\/div>\r\n        <div class=\"info-content\">\r\n          <p>Durante il soggiorno e accanto alle attivit\u00e0 principali, i volontari potranno dedicarsi ad altre attivit\u00e0 come l'esplorazione della citt\u00e0 e dei suoi dintorni, lo shopping al mercato o le passeggiate serali. Potranno inoltre partecipare a diversi giochi e attivit\u00e0 che animano la vita della comunit\u00e0.<\/p>\r\n        <\/div>\r\n      <\/div>\r\n      \r\n      <div class=\"info-section\">\r\n        <div class=\"section-title\">\r\n          <i class=\"fas fa-globe\"><\/i>\r\n          <h2>Cultura marocchina<\/h2>\r\n        <\/div>\r\n        <div class=\"info-content\">\r\n          <p>La cultura marocchina \u00e8 ricca e variegata, caratterizzata dal suo patrimonio ancestrale e dalle varie influenze che l'hanno plasmata nel corso dei secoli.<\/p>\r\n          <p>Se i volontari desiderano imparare l'arabo o l'amazigh, l'associazione organizzer\u00e0 per loro corsi di formazione faccia a faccia.<\/p>\r\n          <p>La cucina marocchina \u00e8 rinomata per la sua diversit\u00e0 e la ricchezza dei sapori. Per questo motivo l'associazione organizzer\u00e0 corsi di cucina specializzati in cucina marocchina per i volontari.<\/p>\r\n          <p>Poich\u00e9 lo stile tradizionale marocchino \u00e8 un'arte antica e una tradizione tramandata di generazione in generazione, che riflette la ricchezza e la diversit\u00e0 della cultura marocchina, l'associazione offrir\u00e0 anche corsi di formazione per insegnare ai volontari lo stile tradizionale marocchino.<\/p>\r\n        <\/div>\r\n      <\/div>\r\n    <\/div>\r\n  <\/div>\r\n\r\n  <script>\r\n    \/\/ Add intersection observer for animations\r\n    document.addEventListener('DOMContentLoaded', function() {\r\n      const infoSections = document.querySelectorAll('.info-section');\r\n      \r\n      \/\/ Create intersection observer\r\n      const observer = new IntersectionObserver((entries) => {\r\n        entries.forEach(entry => {\r\n          if (entry.isIntersecting) {\r\n            entry.target.style.opacity = 1;\r\n            entry.target.style.transform = 'translateY(0)';\r\n            observer.unobserve(entry.target);\r\n          }\r\n        });\r\n      }, { threshold: 0.1 });\r\n      \r\n      \/\/ Set initial state and observe elements\r\n      infoSections.forEach(section => {\r\n        section.style.opacity = 0;\r\n        section.style.transform = 'translateY(20px)';\r\n        section.style.transition = 'opacity 0.6s ease, transform 0.6s ease';\r\n        observer.observe(section);\r\n      });\r\n    });\r\n  <\/script>\r\n<\/body>\r\n<\/html>\t\t\t\t<\/div>\n\t\t\t\t\t<\/div>\n\t\t\t\t<\/div>\n\t\t\t\t<\/div>","protected":false},"excerpt":{"rendered":"<p>Goulmima Information &#8211; Al Jisr Association Discover Goulmima &#038; Surrounding Region &#8230; <\/p>","protected":false},"author":1,"featured_media":0,"parent":0,"menu_order":0,"comment_status":"closed","ping_status":"closed","template":"elementor_header_footer","meta":{"footnotes":""},"class_list":["post-281","page","type-page","status-publish","hentry"],"_links":{"self":[{"href":"https:\/\/aljisrasso.com\/it\/wp-json\/wp\/v2\/pages\/281","targetHints":{"allow":["GET"]}}],"collection":[{"href":"https:\/\/aljisrasso.com\/it\/wp-json\/wp\/v2\/pages"}],"about":[{"href":"https:\/\/aljisrasso.com\/it\/wp-json\/wp\/v2\/types\/page"}],"author":[{"embeddable":true,"href":"https:\/\/aljisrasso.com\/it\/wp-json\/wp\/v2\/users\/1"}],"replies":[{"embeddable":true,"href":"https:\/\/aljisrasso.com\/it\/wp-json\/wp\/v2\/comments?post=281"}],"version-history":[{"count":7,"href":"https:\/\/aljisrasso.com\/it\/wp-json\/wp\/v2\/pages\/281\/revisions"}],"predecessor-version":[{"id":289,"href":"https:\/\/aljisrasso.com\/it\/wp-json\/wp\/v2\/pages\/281\/revisions\/289"}],"wp:attachment":[{"href":"https:\/\/aljisrasso.com\/it\/wp-json\/wp\/v2\/media?parent=281"}],"curies":[{"name":"wp","href":"https:\/\/api.w.org\/{rel}","templated":true}]}}